{"id":10456,"date":"2026-03-26T11:30:58","date_gmt":"2026-03-26T10:30:58","guid":{"rendered":"https:\/\/www.pep62.fr\/pep62\/?page_id=10456"},"modified":"2026-03-26T11:31:05","modified_gmt":"2026-03-26T10:31:05","slug":"la-mecs-de-demain","status":"publish","type":"page","link":"https:\/\/www.pep62.fr\/pep62\/la-mecs-de-demain\/","title":{"rendered":"La MECS de demain"},"content":{"rendered":"<p>[et_pb_section fb_built=\u00a0\u00bb1&Prime; theme_builder_area=\u00a0\u00bbpost_content\u00a0\u00bb _builder_version=\u00a0\u00bb4.27.5&Prime; _module_preset=\u00a0\u00bbdefault\u00a0\u00bb custom_padding=\u00a0\u00bb||0px|||\u00a0\u00bb][et_pb_row _builder_version=\u00a0\u00bb4.27.5&Prime; _module_preset=\u00a0\u00bbdefault\u00a0\u00bb theme_builder_area=\u00a0\u00bbpost_content\u00a0\u00bb hover_enabled=\u00a0\u00bb0&Prime; sticky_enabled=\u00a0\u00bb0&Prime;][et_pb_column _builder_version=\u00a0\u00bb4.27.5&Prime; _module_preset=\u00a0\u00bbdefault\u00a0\u00bb type=\u00a0\u00bb4_4&Prime; theme_builder_area=\u00a0\u00bbpost_content\u00a0\u00bb][et_pb_text _builder_version=\u00a0\u00bb4.27.5&Prime; _module_preset=\u00a0\u00bbdefault\u00a0\u00bb theme_builder_area=\u00a0\u00bbpost_content\u00a0\u00bb hover_enabled=\u00a0\u00bb0&Prime; sticky_enabled=\u00a0\u00bb0&Prime;]<\/p>\n<h1>LA MECS DE DEMAIN<\/h1>\n<p><strong>17 mars 2026<\/strong><\/p>\n<p><span>Etape cl\u00e9 dans l&rsquo;avanc\u00e9e des travaux de notre MECS de demain de Campagne-les-Hesdin ! ?<\/span><span><br \/>\n<\/span><span>La dalle vient d\u2019\u00eatre coul\u00e9e, dessinant d\u00e9sormais concr\u00e8tement les contours de la future maison. Un moment toujours symbolique : apr\u00e8s plus d&rsquo;un mois de pr\u00e9paration, le projet prend forme et laisse appara\u00eetre les volumes et la surface qu\u2019occupera le b\u00e2timent.<\/span><span><br \/>\n<\/span><span>C\u2019est une phase d\u00e9terminante qui pose les bases solides de la construction \u00e0 venir.<\/span><span class=\"white-space-pre\"> <\/span><span><br \/>\n<\/span><span>Prochaine \u00e9tape : l\u2019\u00e9l\u00e9vation des murs\u2026 ??<\/span><span><br \/>\n<\/span><span>\u00c0 suivre !<\/span><\/p>\n\n\t\t<style type=\"text\/css\">\n\t\t\t#gallery-1 {\n\t\t\t\tmargin: auto;\n\t\t\t}\n\t\t\t#gallery-1 .gallery-item {\n\t\t\t\tfloat: left;\n\t\t\t\tmargin-top: 10px;\n\t\t\t\ttext-align: center;\n\t\t\t\twidth: 33%;\n\t\t\t}\n\t\t\t#gallery-1 img {\n\t\t\t\tborder: 2px solid #cfcfcf;\n\t\t\t}\n\t\t\t#gallery-1 .gallery-caption {\n\t\t\t\tmargin-left: 0;\n\t\t\t}\n\t\t\t\/* see gallery_shortcode() in wp-includes\/media.php *\/\n\t\t<\/style>\n\t\t<div id='gallery-1' class='gallery galleryid-10456 gallery-columns-3 gallery-size-large'><dl class='gallery-item'>\n\t\t\t<dt class='gallery-icon landscape'>\n\t\t\t\t<a href='https:\/\/www.pep62.fr\/pep62\/20260309\/'><img loading=\"lazy\" decoding=\"async\" width=\"1024\" height=\"769\" src=\"https:\/\/www.pep62.fr\/pep62\/wp-content\/uploads\/2026\/03\/20260309.jpg\" class=\"attachment-large size-large\" alt=\"\" srcset=\"https:\/\/www.pep62.fr\/pep62\/wp-content\/uploads\/2026\/03\/20260309.jpg 1024w, https:\/\/www.pep62.fr\/pep62\/wp-content\/uploads\/2026\/03\/20260309-980x736.jpg 980w, https:\/\/www.pep62.fr\/pep62\/wp-content\/uploads\/2026\/03\/20260309-480x360.jpg 480w\" sizes=\"(min-width: 0px) and (max-width: 480px) 480px, (min-width: 481px) and (max-width: 980px) 980px, (min-width: 981px) 1024px, 100vw\" \/><\/a>\n\t\t\t<\/dt><\/dl><dl class='gallery-item'>\n\t\t\t<dt class='gallery-icon landscape'>\n\t\t\t\t<a href='https:\/\/www.pep62.fr\/pep62\/20260311\/'><img loading=\"lazy\" decoding=\"async\" width=\"1024\" height=\"769\" src=\"https:\/\/www.pep62.fr\/pep62\/wp-content\/uploads\/2026\/03\/20260311.jpg\" class=\"attachment-large size-large\" alt=\"\" srcset=\"https:\/\/www.pep62.fr\/pep62\/wp-content\/uploads\/2026\/03\/20260311.jpg 1024w, https:\/\/www.pep62.fr\/pep62\/wp-content\/uploads\/2026\/03\/20260311-980x736.jpg 980w, https:\/\/www.pep62.fr\/pep62\/wp-content\/uploads\/2026\/03\/20260311-480x360.jpg 480w\" sizes=\"(min-width: 0px) and (max-width: 480px) 480px, (min-width: 481px) and (max-width: 980px) 980px, (min-width: 981px) 1024px, 100vw\" \/><\/a>\n\t\t\t<\/dt><\/dl><dl class='gallery-item'>\n\t\t\t<dt class='gallery-icon landscape'>\n\t\t\t\t<a href='https:\/\/www.pep62.fr\/pep62\/20260312\/'><img loading=\"lazy\" decoding=\"async\" width=\"1024\" height=\"769\" src=\"https:\/\/www.pep62.fr\/pep62\/wp-content\/uploads\/2026\/03\/20260312.jpg\" class=\"attachment-large size-large\" alt=\"\" srcset=\"https:\/\/www.pep62.fr\/pep62\/wp-content\/uploads\/2026\/03\/20260312.jpg 1024w, https:\/\/www.pep62.fr\/pep62\/wp-content\/uploads\/2026\/03\/20260312-980x736.jpg 980w, https:\/\/www.pep62.fr\/pep62\/wp-content\/uploads\/2026\/03\/20260312-480x360.jpg 480w\" sizes=\"(min-width: 0px) and (max-width: 480px) 480px, (min-width: 481px) and (max-width: 980px) 980px, (min-width: 981px) 1024px, 100vw\" \/><\/a>\n\t\t\t<\/dt><\/dl><br style=\"clear: both\" \/><dl class='gallery-item'>\n\t\t\t<dt class='gallery-icon landscape'>\n\t\t\t\t<a href='https:\/\/www.pep62.fr\/pep62\/20260313-ter\/'><img loading=\"lazy\" decoding=\"async\" width=\"1024\" height=\"769\" src=\"https:\/\/www.pep62.fr\/pep62\/wp-content\/uploads\/2026\/03\/20260313-Ter.jpg\" class=\"attachment-large size-large\" alt=\"\" srcset=\"https:\/\/www.pep62.fr\/pep62\/wp-content\/uploads\/2026\/03\/20260313-Ter.jpg 1024w, https:\/\/www.pep62.fr\/pep62\/wp-content\/uploads\/2026\/03\/20260313-Ter-980x736.jpg 980w, https:\/\/www.pep62.fr\/pep62\/wp-content\/uploads\/2026\/03\/20260313-Ter-480x360.jpg 480w\" sizes=\"(min-width: 0px) and (max-width: 480px) 480px, (min-width: 481px) and (max-width: 980px) 980px, (min-width: 981px) 1024px, 100vw\" \/><\/a>\n\t\t\t<\/dt><\/dl>\n\t\t\t<br style='clear: both' \/>\n\t\t<\/div>\n\n<p><span>\u00a0<\/span><\/p>\n<p><strong>1er mars 2026<\/strong><\/p>\n<p><span>Le chantier avance !<\/span><span><br \/>\n<\/span><span>D\u00e9marr\u00e9e le 2 f\u00e9vrier, la reconstruction de la MECS de demain, commence \u00e0 prendre forme.<\/span><span><br \/>\n<\/span><span>Les premiers trac\u00e9s apparaissent, les volumes se dessinent : le futur lieu de vie devient petit \u00e0 petit r\u00e9alit\u00e9.<\/span><span><br \/>\n<\/span><span>Un projet essentiel pour offrir aux enfants d&rsquo;aujourd&rsquo;hui et de demain un cadre s\u00e9curisant, chaleureux et adapt\u00e9 \u00e0 leurs besoins.<\/span><span><br \/>\n<\/span><span><br \/>\n<\/span><span>Merci aux \u00e9quipes mobilis\u00e9es pour faire avancer ce beau projet !<\/span><span><\/span><\/p>\n\n\t\t<style type=\"text\/css\">\n\t\t\t#gallery-2 {\n\t\t\t\tmargin: auto;\n\t\t\t}\n\t\t\t#gallery-2 .gallery-item {\n\t\t\t\tfloat: left;\n\t\t\t\tmargin-top: 10px;\n\t\t\t\ttext-align: center;\n\t\t\t\twidth: 33%;\n\t\t\t}\n\t\t\t#gallery-2 img {\n\t\t\t\tborder: 2px solid #cfcfcf;\n\t\t\t}\n\t\t\t#gallery-2 .gallery-caption {\n\t\t\t\tmargin-left: 0;\n\t\t\t}\n\t\t\t\/* see gallery_shortcode() in wp-includes\/media.php *\/\n\t\t<\/style>\n\t\t<div id='gallery-2' class='gallery galleryid-10456 gallery-columns-3 gallery-size-large'><dl class='gallery-item'>\n\t\t\t<dt class='gallery-icon landscape'>\n\t\t\t\t<a href='https:\/\/www.pep62.fr\/pep62\/2026-02-18\/'><img loading=\"lazy\" decoding=\"async\" width=\"1024\" height=\"768\" src=\"https:\/\/www.pep62.fr\/pep62\/wp-content\/uploads\/2026\/03\/2026-02-18-1024x768.jpeg\" class=\"attachment-large size-large\" alt=\"\" srcset=\"https:\/\/www.pep62.fr\/pep62\/wp-content\/uploads\/2026\/03\/2026-02-18-980x735.jpeg 980w, https:\/\/www.pep62.fr\/pep62\/wp-content\/uploads\/2026\/03\/2026-02-18-480x360.jpeg 480w\" sizes=\"(min-width: 0px) and (max-width: 480px) 480px, (min-width: 481px) and (max-width: 980px) 980px, (min-width: 981px) 1024px, 100vw\" \/><\/a>\n\t\t\t<\/dt><\/dl><dl class='gallery-item'>\n\t\t\t<dt class='gallery-icon landscape'>\n\t\t\t\t<a href='https:\/\/www.pep62.fr\/pep62\/2026-02-20\/'><img loading=\"lazy\" decoding=\"async\" width=\"1024\" height=\"771\" src=\"https:\/\/www.pep62.fr\/pep62\/wp-content\/uploads\/2026\/03\/2026-02-20.jpg\" class=\"attachment-large size-large\" alt=\"\" srcset=\"https:\/\/www.pep62.fr\/pep62\/wp-content\/uploads\/2026\/03\/2026-02-20.jpg 1024w, https:\/\/www.pep62.fr\/pep62\/wp-content\/uploads\/2026\/03\/2026-02-20-980x738.jpg 980w, https:\/\/www.pep62.fr\/pep62\/wp-content\/uploads\/2026\/03\/2026-02-20-480x361.jpg 480w\" sizes=\"(min-width: 0px) and (max-width: 480px) 480px, (min-width: 481px) and (max-width: 980px) 980px, (min-width: 981px) 1024px, 100vw\" \/><\/a>\n\t\t\t<\/dt><\/dl>\n\t\t\t<br style='clear: both' \/>\n\t\t<\/div>\n\n<p><span><\/span><\/p>\n<p><strong>2 f\u00e9vrier 2026\u00a0<\/strong><\/p>\n<p><span>La MECS de demain, c&rsquo;est parti !<br \/>\nCe lundi 2 f\u00e9vrier a lanc\u00e9 le d\u00e9marrage du chantier de reconstruction de notre Maison d&rsquo;Enfants de Campagne-les-Hesdin.<br \/>\nUn projet d\u2019ampleur, qui sera fait en plusieurs phases et qui pr\u00e9voit :<br \/>\n&#8211; la d\u00e9molition de la structure d\u2019aujourd\u2019hui (au profit de plusieurs b\u00e2timents neufs) pour les groupes des petits,<span class=\"white-space-pre\"> <\/span><br \/>\n&#8211; la construction de deux nouveaux sites pour les adolescents et les pr\u00e9adolescents, \u00e0 \u00c9taples mais aussi sur un terrain qui reste encore \u00e0 trouver dans le Montreuillois.<br \/>\nRetrouvez les premi\u00e8res images du chantier ci-dessous !<\/span><\/p>\n<p>\n\t\t<style type=\"text\/css\">\n\t\t\t#gallery-3 {\n\t\t\t\tmargin: auto;\n\t\t\t}\n\t\t\t#gallery-3 .gallery-item {\n\t\t\t\tfloat: left;\n\t\t\t\tmargin-top: 10px;\n\t\t\t\ttext-align: center;\n\t\t\t\twidth: 33%;\n\t\t\t}\n\t\t\t#gallery-3 img {\n\t\t\t\tborder: 2px solid #cfcfcf;\n\t\t\t}\n\t\t\t#gallery-3 .gallery-caption {\n\t\t\t\tmargin-left: 0;\n\t\t\t}\n\t\t\t\/* see gallery_shortcode() in wp-includes\/media.php *\/\n\t\t<\/style>\n\t\t<div id='gallery-3' class='gallery galleryid-10456 gallery-columns-3 gallery-size-large'><dl class='gallery-item'>\n\t\t\t<dt class='gallery-icon landscape'>\n\t\t\t\t<a href='https:\/\/www.pep62.fr\/pep62\/20260204\/'><img loading=\"lazy\" decoding=\"async\" width=\"1024\" height=\"769\" src=\"https:\/\/www.pep62.fr\/pep62\/wp-content\/uploads\/2026\/03\/20260204.jpg\" class=\"attachment-large size-large\" alt=\"\" srcset=\"https:\/\/www.pep62.fr\/pep62\/wp-content\/uploads\/2026\/03\/20260204.jpg 1024w, https:\/\/www.pep62.fr\/pep62\/wp-content\/uploads\/2026\/03\/20260204-980x736.jpg 980w, https:\/\/www.pep62.fr\/pep62\/wp-content\/uploads\/2026\/03\/20260204-480x360.jpg 480w\" sizes=\"(min-width: 0px) and (max-width: 480px) 480px, (min-width: 481px) and (max-width: 980px) 980px, (min-width: 981px) 1024px, 100vw\" \/><\/a>\n\t\t\t<\/dt><\/dl><dl class='gallery-item'>\n\t\t\t<dt class='gallery-icon landscape'>\n\t\t\t\t<a href='https:\/\/www.pep62.fr\/pep62\/20260202\/'><img loading=\"lazy\" decoding=\"async\" width=\"1024\" height=\"768\" src=\"https:\/\/www.pep62.fr\/pep62\/wp-content\/uploads\/2026\/03\/20260202-1024x768.jpg\" class=\"attachment-large size-large\" alt=\"\" srcset=\"https:\/\/www.pep62.fr\/pep62\/wp-content\/uploads\/2026\/03\/20260202-980x735.jpg 980w, https:\/\/www.pep62.fr\/pep62\/wp-content\/uploads\/2026\/03\/20260202-480x360.jpg 480w\" sizes=\"(min-width: 0px) and (max-width: 480px) 480px, (min-width: 481px) and (max-width: 980px) 980px, (min-width: 981px) 1024px, 100vw\" \/><\/a>\n\t\t\t<\/dt><\/dl><dl class='gallery-item'>\n\t\t\t<dt class='gallery-icon landscape'>\n\t\t\t\t<a href='https:\/\/www.pep62.fr\/pep62\/202602\/'><img loading=\"lazy\" decoding=\"async\" width=\"1024\" height=\"769\" src=\"https:\/\/www.pep62.fr\/pep62\/wp-content\/uploads\/2026\/03\/202602.jpg\" class=\"attachment-large size-large\" alt=\"\" srcset=\"https:\/\/www.pep62.fr\/pep62\/wp-content\/uploads\/2026\/03\/202602.jpg 1024w, https:\/\/www.pep62.fr\/pep62\/wp-content\/uploads\/2026\/03\/202602-980x736.jpg 980w, https:\/\/www.pep62.fr\/pep62\/wp-content\/uploads\/2026\/03\/202602-480x360.jpg 480w\" sizes=\"(min-width: 0px) and (max-width: 480px) 480px, (min-width: 481px) and (max-width: 980px) 980px, (min-width: 981px) 1024px, 100vw\" \/><\/a>\n\t\t\t<\/dt><\/dl><br style=\"clear: both\" \/><dl class='gallery-item'>\n\t\t\t<dt class='gallery-icon landscape'>\n\t\t\t\t<a href='https:\/\/www.pep62.fr\/pep62\/20260204-ter\/'><img loading=\"lazy\" decoding=\"async\" width=\"1024\" height=\"769\" src=\"https:\/\/www.pep62.fr\/pep62\/wp-content\/uploads\/2026\/03\/20260204-ter.jpg\" class=\"attachment-large size-large\" alt=\"\" srcset=\"https:\/\/www.pep62.fr\/pep62\/wp-content\/uploads\/2026\/03\/20260204-ter.jpg 1024w, https:\/\/www.pep62.fr\/pep62\/wp-content\/uploads\/2026\/03\/20260204-ter-980x736.jpg 980w, https:\/\/www.pep62.fr\/pep62\/wp-content\/uploads\/2026\/03\/20260204-ter-480x360.jpg 480w\" sizes=\"(min-width: 0px) and (max-width: 480px) 480px, (min-width: 481px) and (max-width: 980px) 980px, (min-width: 981px) 1024px, 100vw\" \/><\/a>\n\t\t\t<\/dt><\/dl>\n\t\t\t<br style='clear: both' \/>\n\t\t<\/div>\n[\/et_pb_text][\/et_pb_column][\/et_pb_row][\/et_pb_section]<\/p>\n","protected":false},"excerpt":{"rendered":"<p>LA MECS DE DEMAIN 17 mars 2026 Etape cl\u00e9 dans l&rsquo;avanc\u00e9e des travaux de notre MECS de demain de Campagne-les-Hesdin ! ? La dalle vient d\u2019\u00eatre coul\u00e9e, dessinant d\u00e9sormais concr\u00e8tement les contours de la future maison. Un moment toujours symbolique : apr\u00e8s plus d&rsquo;un mois de pr\u00e9paration, le projet prend forme et laisse appara\u00eetre les [&hellip;]<\/p>\n","protected":false},"author":17,"featured_media":0,"parent":0,"menu_order":0,"comment_status":"closed","ping_status":"closed","template":"","meta":{"_et_pb_use_builder":"on","_et_pb_old_content":"","_et_gb_content_width":"","footnotes":""},"class_list":["post-10456","page","type-page","status-publish","hentry"],"_links":{"self":[{"href":"https:\/\/www.pep62.fr\/pep62\/wp-json\/wp\/v2\/pages\/10456","targetHints":{"allow":["GET"]}}],"collection":[{"href":"https:\/\/www.pep62.fr\/pep62\/wp-json\/wp\/v2\/pages"}],"about":[{"href":"https:\/\/www.pep62.fr\/pep62\/wp-json\/wp\/v2\/types\/page"}],"author":[{"embeddable":true,"href":"https:\/\/www.pep62.fr\/pep62\/wp-json\/wp\/v2\/users\/17"}],"replies":[{"embeddable":true,"href":"https:\/\/www.pep62.fr\/pep62\/wp-json\/wp\/v2\/comments?post=10456"}],"version-history":[{"count":3,"href":"https:\/\/www.pep62.fr\/pep62\/wp-json\/wp\/v2\/pages\/10456\/revisions"}],"predecessor-version":[{"id":10470,"href":"https:\/\/www.pep62.fr\/pep62\/wp-json\/wp\/v2\/pages\/10456\/revisions\/10470"}],"wp:attachment":[{"href":"https:\/\/www.pep62.fr\/pep62\/wp-json\/wp\/v2\/media?parent=10456"}],"curies":[{"name":"wp","href":"https:\/\/api.w.org\/{rel}","templated":true}]}}