{"id":3163,"date":"2021-04-19T17:33:11","date_gmt":"2021-04-19T15:33:11","guid":{"rendered":"https:\/\/www.pep62.fr\/pep62\/?page_id=3163"},"modified":"2025-07-01T14:49:18","modified_gmt":"2025-07-01T12:49:18","slug":"rapports-dactivite","status":"publish","type":"page","link":"https:\/\/www.pep62.fr\/pep62\/rapports-dactivite\/","title":{"rendered":"SUPPORTS DE COMMUNICATION"},"content":{"rendered":"<p>[et_pb_section fb_built=\u00a0\u00bb1&Prime; _builder_version=\u00a0\u00bb4.16&Prime; _module_preset=\u00a0\u00bbdefault\u00a0\u00bb custom_padding=\u00a0\u00bb47px||12px|||\u00a0\u00bb global_colors_info=\u00a0\u00bb{}\u00a0\u00bb][et_pb_row _builder_version=\u00a0\u00bb4.16&Prime; _module_preset=\u00a0\u00bbdefault\u00a0\u00bb global_colors_info=\u00a0\u00bb{}\u00a0\u00bb][et_pb_column type=\u00a0\u00bb4_4&Prime; _builder_version=\u00a0\u00bb4.16&Prime; _module_preset=\u00a0\u00bbdefault\u00a0\u00bb global_colors_info=\u00a0\u00bb{}\u00a0\u00bb][et_pb_text admin_label=\u00a0\u00bbTexte\u00a0\u00bb _builder_version=\u00a0\u00bb4.19.2&Prime; _module_preset=\u00a0\u00bbdefault\u00a0\u00bb global_colors_info=\u00a0\u00bb{}\u00a0\u00bb]<\/p>\n<h1>NOS SUPPORTS DE COMMUNICATION<\/h1>\n<p>[\/et_pb_text][et_pb_text _builder_version=\u00a0\u00bb4.19.2&Prime; _module_preset=\u00a0\u00bbdefault\u00a0\u00bb custom_padding=\u00a0\u00bb||0px|||\u00a0\u00bb global_colors_info=\u00a0\u00bb{}\u00a0\u00bb]<\/p>\n<p style=\"text-align: left;\"><span style=\"color: #003366;\">Retrouvez, ici, l&rsquo;ensemble de nos supports de communication, t\u00e9l\u00e9chargeables au format num\u00e9rique, afin de pouvoir \u00eatre librement consult\u00e9s et partag\u00e9s.<\/span><\/p>\n<p>[\/et_pb_text][\/et_pb_column][\/et_pb_row][\/et_pb_section][et_pb_section fb_built=\u00a0\u00bb1&Prime; _builder_version=\u00a0\u00bb4.19.2&Prime; _module_preset=\u00a0\u00bbdefault\u00a0\u00bb custom_margin=\u00a0\u00bb-44px|||||\u00a0\u00bb global_colors_info=\u00a0\u00bb{}\u00a0\u00bb][et_pb_row column_structure=\u00a0\u00bb1_2,1_2&Prime; _builder_version=\u00a0\u00bb4.27.4&Prime; _module_preset=\u00a0\u00bbdefault\u00a0\u00bb global_colors_info=\u00a0\u00bb{}\u00a0\u00bb][et_pb_column type=\u00a0\u00bb1_2&Prime; _builder_version=\u00a0\u00bb4.27.4&Prime; _module_preset=\u00a0\u00bbdefault\u00a0\u00bb global_colors_info=\u00a0\u00bb{}\u00a0\u00bb][et_pb_image src=\u00a0\u00bbhttps:\/\/www.pep62.fr\/pep62\/wp-content\/uploads\/2025\/07\/rapport-dactivite-2024-4-1.png\u00a0\u00bb title_text=\u00a0\u00bbrapport d&rsquo;activit\u00e9 2024 (4)\u00a0\u00bb _builder_version=\u00a0\u00bb4.27.4&Prime; _module_preset=\u00a0\u00bbdefault\u00a0\u00bb background_color=\u00a0\u00bb#FFFFFF\u00a0\u00bb global_colors_info=\u00a0\u00bb{}\u00a0\u00bb][\/et_pb_image][\/et_pb_column][et_pb_column type=\u00a0\u00bb1_2&Prime; _builder_version=\u00a0\u00bb4.27.4&Prime; _module_preset=\u00a0\u00bbdefault\u00a0\u00bb global_colors_info=\u00a0\u00bb{}\u00a0\u00bb][et_pb_text admin_label=\u00a0\u00bbTexte\u00a0\u00bb _builder_version=\u00a0\u00bb4.27.4&Prime; _module_preset=\u00a0\u00bbdefault\u00a0\u00bb min_height=\u00a0\u00bb219px\u00a0\u00bb height=\u00a0\u00bb232px\u00a0\u00bb max_height=\u00a0\u00bb418px\u00a0\u00bb custom_margin=\u00a0\u00bb46px||3px|-300px|false|false\u00a0\u00bb custom_padding=\u00a0\u00bb||2px|0px|false|false\u00a0\u00bb global_colors_info=\u00a0\u00bb{}\u00a0\u00bb]<\/p>\n<p><a href=\"https:\/\/www.canva.com\/design\/DAGh_PV89uk\/-r1xh7-q8-HBWTrvlNgkaQ\/view?utm_content=DAGh_PV89uk&amp;utm_campaign=designshare&amp;utm_medium=link2&amp;utm_source=uniquelinks&amp;utlId=hf2d375837e\"><span style=\"text-decoration: underline;\"><strong>Cliquez-ici <\/strong><\/span><\/a><span style=\"color: #003366;\">pour t\u00e9l\u00e9charger notre rapport d&rsquo;activit\u00e9s 2024.<\/span><\/p>\n<p>[\/et_pb_text][\/et_pb_column][\/et_pb_row][et_pb_row column_structure=\u00a0\u00bb1_2,1_2&Prime; admin_label=\u00a0\u00bbLigne\u00a0\u00bb _builder_version=\u00a0\u00bb4.27.4&Prime; _module_preset=\u00a0\u00bbdefault\u00a0\u00bb min_height=\u00a0\u00bb286px\u00a0\u00bb height=\u00a0\u00bb100px\u00a0\u00bb max_height=\u00a0\u00bb108px\u00a0\u00bb custom_padding=\u00a0\u00bb|||3px|false|false\u00a0\u00bb global_colors_info=\u00a0\u00bb{}\u00a0\u00bb][et_pb_column type=\u00a0\u00bb1_2&Prime; _builder_version=\u00a0\u00bb4.16&Prime; _module_preset=\u00a0\u00bbdefault\u00a0\u00bb global_colors_info=\u00a0\u00bb{}\u00a0\u00bb][et_pb_image src=\u00a0\u00bbhttps:\/\/www.pep62.fr\/pep62\/wp-content\/uploads\/2025\/01\/pepschrelle2.png\u00a0\u00bb title_text=\u00a0\u00bbpep&rsquo;schrelle2&Prime; admin_label=\u00a0\u00bbImage\u00a0\u00bb _builder_version=\u00a0\u00bb4.19.2&Prime; _module_preset=\u00a0\u00bbdefault\u00a0\u00bb width=\u00a0\u00bb37%\u00a0\u00bb max_width=\u00a0\u00bb83%\u00a0\u00bb custom_margin=\u00a0\u00bb-58px|||||\u00a0\u00bb global_colors_info=\u00a0\u00bb{}\u00a0\u00bb][\/et_pb_image][\/et_pb_column][et_pb_column type=\u00a0\u00bb1_2&Prime; _builder_version=\u00a0\u00bb4.16&Prime; _module_preset=\u00a0\u00bbdefault\u00a0\u00bb global_colors_info=\u00a0\u00bb{}\u00a0\u00bb][et_pb_text admin_label=\u00a0\u00bbTexte\u00a0\u00bb _builder_version=\u00a0\u00bb4.19.2&Prime; _module_preset=\u00a0\u00bbdefault\u00a0\u00bb min_height=\u00a0\u00bb219px\u00a0\u00bb height=\u00a0\u00bb232px\u00a0\u00bb max_height=\u00a0\u00bb418px\u00a0\u00bb custom_margin=\u00a0\u00bb46px||3px|-300px|false|false\u00a0\u00bb custom_padding=\u00a0\u00bb||2px|0px|false|false\u00a0\u00bb global_colors_info=\u00a0\u00bb{}\u00a0\u00bb]<\/p>\n<p>Pour vous guider dans les nombreux termes propres \u00e0 notre secteur, Les PEP 62 ont cr\u00e9\u00e9 ce lexique contenant plus de 450 mots ou expressions indispensables !<\/p>\n<p><a href=\"https:\/\/www.pep62.fr\/pep62\/wp-content\/uploads\/2025\/01\/PEP-SCHRELLE-Version-2.pdf\"><span style=\"text-decoration: underline;\"><strong>Cliquez-ici <\/strong><\/span><\/a><span style=\"color: #003366;\">pour t\u00e9l\u00e9charger notre PEP&rsquo;SCHRELLE.<\/span><\/p>\n<p>[\/et_pb_text][\/et_pb_column][\/et_pb_row][et_pb_row column_structure=\u00a0\u00bb1_2,1_2&Prime; _builder_version=\u00a0\u00bb4.16&Prime; _module_preset=\u00a0\u00bbdefault\u00a0\u00bb min_height=\u00a0\u00bb286px\u00a0\u00bb height=\u00a0\u00bb100px\u00a0\u00bb max_height=\u00a0\u00bb108px\u00a0\u00bb custom_margin=\u00a0\u00bb60px|auto||auto||\u00a0\u00bb custom_padding=\u00a0\u00bb|||3px|false|false\u00a0\u00bb global_colors_info=\u00a0\u00bb{}\u00a0\u00bb][et_pb_column type=\u00a0\u00bb1_2&Prime; _builder_version=\u00a0\u00bb4.16&Prime; _module_preset=\u00a0\u00bbdefault\u00a0\u00bb global_colors_info=\u00a0\u00bb{}\u00a0\u00bb][et_pb_image src=\u00a0\u00bbhttps:\/\/www.pep62.fr\/pep62\/wp-content\/uploads\/2024\/07\/Captegure.jpg\u00a0\u00bb title_text=\u00a0\u00bbCaptegure\u00a0\u00bb _builder_version=\u00a0\u00bb4.19.2&Prime; _module_preset=\u00a0\u00bbdefault\u00a0\u00bb width=\u00a0\u00bb37%\u00a0\u00bb max_width=\u00a0\u00bb83%\u00a0\u00bb custom_margin=\u00a0\u00bb-58px|||||\u00a0\u00bb global_colors_info=\u00a0\u00bb{}\u00a0\u00bb][\/et_pb_image][\/et_pb_column][et_pb_column type=\u00a0\u00bb1_2&Prime; _builder_version=\u00a0\u00bb4.16&Prime; _module_preset=\u00a0\u00bbdefault\u00a0\u00bb global_colors_info=\u00a0\u00bb{}\u00a0\u00bb][et_pb_text _builder_version=\u00a0\u00bb4.19.2&Prime; _module_preset=\u00a0\u00bbdefault\u00a0\u00bb min_height=\u00a0\u00bb219px\u00a0\u00bb height=\u00a0\u00bb232px\u00a0\u00bb max_height=\u00a0\u00bb418px\u00a0\u00bb custom_margin=\u00a0\u00bb46px||3px|-300px|false|false\u00a0\u00bb custom_padding=\u00a0\u00bb||2px|0px|false|false\u00a0\u00bb global_colors_info=\u00a0\u00bb{}\u00a0\u00bb]<\/p>\n<p><a href=\"https:\/\/www.pep62.fr\/pep62\/wp-content\/uploads\/2024\/07\/RA-2023-PEP62.pdf\"><span style=\"text-decoration: underline;\"><strong>Cliquez-ici<\/strong><\/span><\/a> <span style=\"color: #003366;\">pour t\u00e9l\u00e9charger notre rapport annuel 2023.<\/span><span style=\"color: #003366;\"><\/span><\/p>\n<p><span style=\"color: #003366;\"><a href=\"https:\/\/www.pep62.fr\/pep62\/rapport-annuel-2023\/\"><span style=\"text-decoration: underline;\"><strong>Cliquez-ici<\/strong><\/span><\/a> pour parcourir notre rapport annuel 2023.<\/span><\/p>\n<p>[\/et_pb_text][\/et_pb_column][\/et_pb_row][et_pb_row column_structure=\u00a0\u00bb1_2,1_2&Prime; _builder_version=\u00a0\u00bb4.16&Prime; _module_preset=\u00a0\u00bbdefault\u00a0\u00bb min_height=\u00a0\u00bb286px\u00a0\u00bb height=\u00a0\u00bb100px\u00a0\u00bb max_height=\u00a0\u00bb108px\u00a0\u00bb custom_margin=\u00a0\u00bb68px|auto||auto||\u00a0\u00bb custom_padding=\u00a0\u00bb|||3px|false|false\u00a0\u00bb global_colors_info=\u00a0\u00bb{}\u00a0\u00bb][et_pb_column type=\u00a0\u00bb1_2&Prime; _builder_version=\u00a0\u00bb4.16&Prime; _module_preset=\u00a0\u00bbdefault\u00a0\u00bb global_colors_info=\u00a0\u00bb{}\u00a0\u00bb][et_pb_image src=\u00a0\u00bbhttps:\/\/www.pep62.fr\/pep62\/wp-content\/uploads\/2024\/04\/Capture.jpg\u00a0\u00bb title_text=\u00a0\u00bbCapture\u00a0\u00bb _builder_version=\u00a0\u00bb4.19.2&Prime; _module_preset=\u00a0\u00bbdefault\u00a0\u00bb width=\u00a0\u00bb37%\u00a0\u00bb max_width=\u00a0\u00bb83%\u00a0\u00bb custom_margin=\u00a0\u00bb-58px|||||\u00a0\u00bb global_colors_info=\u00a0\u00bb{}\u00a0\u00bb][\/et_pb_image][\/et_pb_column][et_pb_column type=\u00a0\u00bb1_2&Prime; _builder_version=\u00a0\u00bb4.16&Prime; _module_preset=\u00a0\u00bbdefault\u00a0\u00bb global_colors_info=\u00a0\u00bb{}\u00a0\u00bb][et_pb_text _builder_version=\u00a0\u00bb4.19.2&Prime; _module_preset=\u00a0\u00bbdefault\u00a0\u00bb min_height=\u00a0\u00bb219px\u00a0\u00bb height=\u00a0\u00bb232px\u00a0\u00bb max_height=\u00a0\u00bb418px\u00a0\u00bb custom_margin=\u00a0\u00bb71px||3px|-300px|false|false\u00a0\u00bb custom_padding=\u00a0\u00bb||2px|0px|false|false\u00a0\u00bb global_colors_info=\u00a0\u00bb{}\u00a0\u00bb]<\/p>\n<p><a href=\"https:\/\/www.pep62.fr\/pep62\/wp-content\/uploads\/2024\/04\/BROCHURE-PEP-62-numerique-2024.pdf\"><span style=\"text-decoration: underline;\"><strong>Cliquez-ici<\/strong><\/span> <\/a><span style=\"color: #003366;\">pour t\u00e9l\u00e9charger notre brochure PEP 62.<\/span><\/p>\n<p>[\/et_pb_text][\/et_pb_column][\/et_pb_row][et_pb_row column_structure=\u00a0\u00bb1_2,1_2&Prime; _builder_version=\u00a0\u00bb4.16&Prime; _module_preset=\u00a0\u00bbdefault\u00a0\u00bb min_height=\u00a0\u00bb286px\u00a0\u00bb height=\u00a0\u00bb100px\u00a0\u00bb max_height=\u00a0\u00bb108px\u00a0\u00bb custom_padding=\u00a0\u00bb|||3px|false|false\u00a0\u00bb global_colors_info=\u00a0\u00bb{}\u00a0\u00bb][et_pb_column type=\u00a0\u00bb1_2&Prime; _builder_version=\u00a0\u00bb4.16&Prime; _module_preset=\u00a0\u00bbdefault\u00a0\u00bb global_colors_info=\u00a0\u00bb{}\u00a0\u00bb][et_pb_image src=\u00a0\u00bbhttps:\/\/www.pep62.fr\/pep62\/wp-content\/uploads\/2023\/07\/Rapport-annuel-scaled.jpg\u00a0\u00bb title_text=\u00a0\u00bbRapport annuel\u00a0\u00bb _builder_version=\u00a0\u00bb4.19.2&Prime; _module_preset=\u00a0\u00bbdefault\u00a0\u00bb width=\u00a0\u00bb37%\u00a0\u00bb max_width=\u00a0\u00bb83%\u00a0\u00bb global_colors_info=\u00a0\u00bb{}\u00a0\u00bb][\/et_pb_image][\/et_pb_column][et_pb_column type=\u00a0\u00bb1_2&Prime; _builder_version=\u00a0\u00bb4.16&Prime; _module_preset=\u00a0\u00bbdefault\u00a0\u00bb global_colors_info=\u00a0\u00bb{}\u00a0\u00bb][et_pb_text _builder_version=\u00a0\u00bb4.19.2&Prime; _module_preset=\u00a0\u00bbdefault\u00a0\u00bb min_height=\u00a0\u00bb219px\u00a0\u00bb height=\u00a0\u00bb232px\u00a0\u00bb max_height=\u00a0\u00bb418px\u00a0\u00bb custom_margin=\u00a0\u00bb100px||3px|-300px|false|false\u00a0\u00bb custom_padding=\u00a0\u00bb0px||2px|0px|false|false\u00a0\u00bb global_colors_info=\u00a0\u00bb{}\u00a0\u00bb]<\/p>\n<p><span style=\"color: #003366;\"><span style=\"color: #009de0;\"><a href=\"https:\/\/www.pep62.fr\/pep62\/wp-content\/uploads\/2023\/07\/Rapport-annuel-2022-LES-PEP62.pdf\" style=\"color: #009de0;\"><span style=\"text-decoration: underline;\"><strong>Cliquez-ici<\/strong><\/span><\/a><\/span> pour t\u00e9l\u00e9charger notre rapport annuel 2022.<\/span><\/p>\n<p>[\/et_pb_text][\/et_pb_column][\/et_pb_row][et_pb_row column_structure=\u00a0\u00bb1_2,1_2&Prime; _builder_version=\u00a0\u00bb4.16&Prime; _module_preset=\u00a0\u00bbdefault\u00a0\u00bb min_height=\u00a0\u00bb286px\u00a0\u00bb height=\u00a0\u00bb100px\u00a0\u00bb max_height=\u00a0\u00bb108px\u00a0\u00bb custom_padding=\u00a0\u00bb|||3px|false|false\u00a0\u00bb global_colors_info=\u00a0\u00bb{}\u00a0\u00bb][et_pb_column type=\u00a0\u00bb1_2&Prime; _builder_version=\u00a0\u00bb4.16&Prime; _module_preset=\u00a0\u00bbdefault\u00a0\u00bb global_colors_info=\u00a0\u00bb{}\u00a0\u00bb][et_pb_image src=\u00a0\u00bbhttps:\/\/www.pep62.fr\/pep62\/wp-content\/uploads\/2023\/04\/RA-2021.jpg\u00a0\u00bb title_text=\u00a0\u00bbRA 2021&Prime; _builder_version=\u00a0\u00bb4.19.2&Prime; _module_preset=\u00a0\u00bbdefault\u00a0\u00bb width=\u00a0\u00bb37%\u00a0\u00bb max_width=\u00a0\u00bb83%\u00a0\u00bb global_colors_info=\u00a0\u00bb{}\u00a0\u00bb][\/et_pb_image][\/et_pb_column][et_pb_column type=\u00a0\u00bb1_2&Prime; _builder_version=\u00a0\u00bb4.16&Prime; _module_preset=\u00a0\u00bbdefault\u00a0\u00bb global_colors_info=\u00a0\u00bb{}\u00a0\u00bb][et_pb_text _builder_version=\u00a0\u00bb4.19.2&Prime; _module_preset=\u00a0\u00bbdefault\u00a0\u00bb min_height=\u00a0\u00bb219px\u00a0\u00bb height=\u00a0\u00bb232px\u00a0\u00bb max_height=\u00a0\u00bb418px\u00a0\u00bb custom_margin=\u00a0\u00bb100px||3px|-300px|false|false\u00a0\u00bb custom_padding=\u00a0\u00bb||2px|0px|false|false\u00a0\u00bb global_colors_info=\u00a0\u00bb{}\u00a0\u00bb]<\/p>\n<p><a href=\"https:\/\/www.pep62.fr\/pep62\/wp-content\/uploads\/2023\/04\/RAPPORT-ACTIVITE-2021.pdf\"><span style=\"text-decoration: underline;\"><strong>Cliquez-ici<\/strong><\/span><\/a> <span style=\"color: #003366;\">pour t\u00e9l\u00e9charger notre rapport d&rsquo;activit\u00e9 2021.<\/span><\/p>\n<p>[\/et_pb_text][\/et_pb_column][\/et_pb_row][et_pb_row column_structure=\u00a0\u00bb1_2,1_2&Prime; _builder_version=\u00a0\u00bb4.16&Prime; _module_preset=\u00a0\u00bbdefault\u00a0\u00bb min_height=\u00a0\u00bb286px\u00a0\u00bb height=\u00a0\u00bb100px\u00a0\u00bb max_height=\u00a0\u00bb108px\u00a0\u00bb custom_padding=\u00a0\u00bb|||3px|false|false\u00a0\u00bb global_colors_info=\u00a0\u00bb{}\u00a0\u00bb][et_pb_column type=\u00a0\u00bb1_2&Prime; _builder_version=\u00a0\u00bb4.16&Prime; _module_preset=\u00a0\u00bbdefault\u00a0\u00bb global_colors_info=\u00a0\u00bb{}\u00a0\u00bb][et_pb_image src=\u00a0\u00bbhttps:\/\/www.pep62.fr\/pep62\/wp-content\/uploads\/2021\/07\/qi.jpg\u00a0\u00bb title_text=\u00a0\u00bbqi\u00a0\u00bb _builder_version=\u00a0\u00bb4.16&Prime; _module_preset=\u00a0\u00bbdefault\u00a0\u00bb width=\u00a0\u00bb37%\u00a0\u00bb max_width=\u00a0\u00bb83%\u00a0\u00bb global_colors_info=\u00a0\u00bb{}\u00a0\u00bb][\/et_pb_image][\/et_pb_column][et_pb_column type=\u00a0\u00bb1_2&Prime; _builder_version=\u00a0\u00bb4.16&Prime; _module_preset=\u00a0\u00bbdefault\u00a0\u00bb global_colors_info=\u00a0\u00bb{}\u00a0\u00bb][et_pb_text _builder_version=\u00a0\u00bb4.19.2&Prime; _module_preset=\u00a0\u00bbdefault\u00a0\u00bb min_height=\u00a0\u00bb219px\u00a0\u00bb height=\u00a0\u00bb232px\u00a0\u00bb max_height=\u00a0\u00bb418px\u00a0\u00bb custom_margin=\u00a0\u00bb100px||3px|-300px|false|false\u00a0\u00bb custom_padding=\u00a0\u00bb||2px|0px|false|false\u00a0\u00bb global_colors_info=\u00a0\u00bb{}\u00a0\u00bb]<\/p>\n<p><a href=\"https:\/\/www.pep62.fr\/pep62\/wp-content\/uploads\/2021\/07\/RA2020-PEP62.pdf\"><span style=\"text-decoration: underline;\"><strong>Cliquez-ici<\/strong><\/span><\/a> <span style=\"color: #003366;\">pour t\u00e9l\u00e9charger notre rapport d&rsquo;activit\u00e9 2020.<\/span><\/p>\n<p>[\/et_pb_text][\/et_pb_column][\/et_pb_row][et_pb_row column_structure=\u00a0\u00bb1_2,1_2&Prime; _builder_version=\u00a0\u00bb4.16&Prime; _module_preset=\u00a0\u00bbdefault\u00a0\u00bb global_colors_info=\u00a0\u00bb{}\u00a0\u00bb][et_pb_column type=\u00a0\u00bb1_2&Prime; _builder_version=\u00a0\u00bb4.16&Prime; _module_preset=\u00a0\u00bbdefault\u00a0\u00bb global_colors_info=\u00a0\u00bb{}\u00a0\u00bb][et_pb_image src=\u00a0\u00bbhttps:\/\/www.pep62.fr\/pep62\/wp-content\/uploads\/2021\/04\/Capture.jpg\u00a0\u00bb title_text=\u00a0\u00bbCapture\u00a0\u00bb _builder_version=\u00a0\u00bb4.16&Prime; _module_preset=\u00a0\u00bbdefault\u00a0\u00bb width=\u00a0\u00bb37%\u00a0\u00bb max_width=\u00a0\u00bb83%\u00a0\u00bb global_colors_info=\u00a0\u00bb{}\u00a0\u00bb][\/et_pb_image][\/et_pb_column][et_pb_column type=\u00a0\u00bb1_2&Prime; _builder_version=\u00a0\u00bb4.16&Prime; _module_preset=\u00a0\u00bbdefault\u00a0\u00bb global_colors_info=\u00a0\u00bb{}\u00a0\u00bb][et_pb_text _builder_version=\u00a0\u00bb4.19.2&Prime; _module_preset=\u00a0\u00bbdefault\u00a0\u00bb custom_margin=\u00a0\u00bb80px|||-300px|false|false\u00a0\u00bb global_colors_info=\u00a0\u00bb{}\u00a0\u00bb]<\/p>\n<p><a href=\"https:\/\/www.pep62.fr\/pep62\/wp-content\/uploads\/2021\/04\/RA-2019-VERSION-NOV.pdf\"><span style=\"text-decoration: underline;\"><strong>Cliquez-ici<\/strong><\/span><\/a><span style=\"color: #003366;\"> pour t\u00e9l\u00e9charger notre rapport d&rsquo;activit\u00e9 2019.<\/span><\/p>\n<p>[\/et_pb_text][\/et_pb_column][\/et_pb_row][\/et_pb_section]<\/p>\n","protected":false},"excerpt":{"rendered":"<p>NOS SUPPORTS DE COMMUNICATIONRetrouvez, ici, l&rsquo;ensemble de nos supports de communication, t\u00e9l\u00e9chargeables au format num\u00e9rique, afin de pouvoir \u00eatre librement consult\u00e9s et partag\u00e9s.Cliquez-ici pour t\u00e9l\u00e9charger notre rapport d&rsquo;activit\u00e9s 2024.Pour vous guider dans les nombreux termes propres \u00e0 notre secteur, Les PEP 62 ont cr\u00e9\u00e9 ce lexique contenant plus de 450 mots ou expressions indispensables ! [&hellip;]<\/p>\n","protected":false},"author":13,"featured_media":0,"parent":0,"menu_order":0,"comment_status":"closed","ping_status":"closed","template":"","meta":{"_et_pb_use_builder":"on","_et_pb_old_content":"","_et_gb_content_width":"","footnotes":""},"class_list":["post-3163","page","type-page","status-publish","hentry"],"_links":{"self":[{"href":"https:\/\/www.pep62.fr\/pep62\/wp-json\/wp\/v2\/pages\/3163","targetHints":{"allow":["GET"]}}],"collection":[{"href":"https:\/\/www.pep62.fr\/pep62\/wp-json\/wp\/v2\/pages"}],"about":[{"href":"https:\/\/www.pep62.fr\/pep62\/wp-json\/wp\/v2\/types\/page"}],"author":[{"embeddable":true,"href":"https:\/\/www.pep62.fr\/pep62\/wp-json\/wp\/v2\/users\/13"}],"replies":[{"embeddable":true,"href":"https:\/\/www.pep62.fr\/pep62\/wp-json\/wp\/v2\/comments?post=3163"}],"version-history":[{"count":39,"href":"https:\/\/www.pep62.fr\/pep62\/wp-json\/wp\/v2\/pages\/3163\/revisions"}],"predecessor-version":[{"id":9701,"href":"https:\/\/www.pep62.fr\/pep62\/wp-json\/wp\/v2\/pages\/3163\/revisions\/9701"}],"wp:attachment":[{"href":"https:\/\/www.pep62.fr\/pep62\/wp-json\/wp\/v2\/media?parent=3163"}],"curies":[{"name":"wp","href":"https:\/\/api.w.org\/{rel}","templated":true}]}}