{"id":6191,"date":"2023-04-14T16:28:30","date_gmt":"2023-04-14T14:28:30","guid":{"rendered":"https:\/\/www.pep62.fr\/pep62\/?page_id=6191"},"modified":"2024-02-13T12:05:55","modified_gmt":"2024-02-13T11:05:55","slug":"notre-histoire","status":"publish","type":"page","link":"https:\/\/www.pep62.fr\/pep62\/notre-histoire\/","title":{"rendered":"Notre histoire"},"content":{"rendered":"<p>[et_pb_section fb_built=\u00a0\u00bb1&Prime; _builder_version=\u00a0\u00bb4.19.2&Prime; _module_preset=\u00a0\u00bbdefault\u00a0\u00bb custom_padding=\u00a0\u00bb||57px|||\u00a0\u00bb global_colors_info=\u00a0\u00bb{}\u00a0\u00bb][et_pb_row _builder_version=\u00a0\u00bb4.19.2&Prime; _module_preset=\u00a0\u00bbdefault\u00a0\u00bb global_colors_info=\u00a0\u00bb{}\u00a0\u00bb][et_pb_column type=\u00a0\u00bb4_4&Prime; _builder_version=\u00a0\u00bb4.19.2&Prime; _module_preset=\u00a0\u00bbdefault\u00a0\u00bb global_colors_info=\u00a0\u00bb{}\u00a0\u00bb][et_pb_image src=\u00a0\u00bbhttps:\/\/www.pep62.fr\/pep62\/wp-content\/uploads\/2023\/04\/agir-840&#215;296-1.png\u00a0\u00bb title_text=\u00a0\u00bbagir-840&#215;296&Prime; _builder_version=\u00a0\u00bb4.19.2&Prime; _module_preset=\u00a0\u00bbdefault\u00a0\u00bb width=\u00a0\u00bb98%\u00a0\u00bb max_width=\u00a0\u00bb68%\u00a0\u00bb module_alignment=\u00a0\u00bbcenter\u00a0\u00bb custom_margin=\u00a0\u00bb-46px|||||\u00a0\u00bb global_colors_info=\u00a0\u00bb{}\u00a0\u00bb][\/et_pb_image][\/et_pb_column][\/et_pb_row][et_pb_row _builder_version=\u00a0\u00bb4.19.2&Prime; _module_preset=\u00a0\u00bbdefault\u00a0\u00bb global_colors_info=\u00a0\u00bb{}\u00a0\u00bb][et_pb_column type=\u00a0\u00bb4_4&Prime; _builder_version=\u00a0\u00bb4.19.2&Prime; _module_preset=\u00a0\u00bbdefault\u00a0\u00bb global_colors_info=\u00a0\u00bb{}\u00a0\u00bb][et_pb_text _builder_version=\u00a0\u00bb4.19.2&Prime; _module_preset=\u00a0\u00bbdefault\u00a0\u00bb hover_enabled=\u00a0\u00bb0&Prime; global_colors_info=\u00a0\u00bb{}\u00a0\u00bb sticky_enabled=\u00a0\u00bb0&Prime;]<\/p>\n<h1>NOTRE HISTOIRE<\/h1>\n<p>[\/et_pb_text][\/et_pb_column][\/et_pb_row][et_pb_row _builder_version=\u00a0\u00bb4.19.2&Prime; _module_preset=\u00a0\u00bbdefault\u00a0\u00bb custom_padding=\u00a0\u00bb0px|||||\u00a0\u00bb global_colors_info=\u00a0\u00bb{}\u00a0\u00bb][et_pb_column type=\u00a0\u00bb4_4&Prime; _builder_version=\u00a0\u00bb4.19.2&Prime; _module_preset=\u00a0\u00bbdefault\u00a0\u00bb global_colors_info=\u00a0\u00bb{}\u00a0\u00bb][et_pb_text _builder_version=\u00a0\u00bb4.19.2&Prime; _module_preset=\u00a0\u00bbdefault\u00a0\u00bb hover_enabled=\u00a0\u00bb0&Prime; global_colors_info=\u00a0\u00bb{}\u00a0\u00bb sticky_enabled=\u00a0\u00bb0&Prime;]<\/p>\n<h4 id=\"100ans-dactions-et-dinnovations-sociales\"><span style=\"color: #003366;\">100 ans d\u2019actions et d\u2019innovations sociales<\/span><\/h4>\n<p>[\/et_pb_text][\/et_pb_column][\/et_pb_row][et_pb_row _builder_version=\u00a0\u00bb4.19.2&Prime; _module_preset=\u00a0\u00bbdefault\u00a0\u00bb global_colors_info=\u00a0\u00bb{}\u00a0\u00bb][et_pb_column type=\u00a0\u00bb4_4&Prime; _builder_version=\u00a0\u00bb4.19.2&Prime; _module_preset=\u00a0\u00bbdefault\u00a0\u00bb global_colors_info=\u00a0\u00bb{}\u00a0\u00bb][et_pb_text _builder_version=\u00a0\u00bb4.19.2&Prime; _module_preset=\u00a0\u00bbdefault\u00a0\u00bb text_line_height=\u00a0\u00bb1.5em\u00a0\u00bb custom_margin=\u00a0\u00bb-31px|||||\u00a0\u00bb custom_padding=\u00a0\u00bb3px|||||\u00a0\u00bb hover_enabled=\u00a0\u00bb0&Prime; global_colors_info=\u00a0\u00bb{}\u00a0\u00bb sticky_enabled=\u00a0\u00bb0&Prime;]<\/p>\n<p><span style=\"color: #009de0;\"><strong>La force d\u2019un r\u00e9seau associatif national<\/strong><\/span><\/p>\n<p><span style=\"color: #003366;\">Fond\u00e9e sur les valeurs de la\u00efcit\u00e9, de solidarit\u00e9, d\u2019\u00e9galit\u00e9 et de citoyennet\u00e9, la F\u00e9d\u00e9ration g\u00e9n\u00e9rale des PEP agit depuis plus de cent ans pour le droit et l\u2019acc\u00e8s de tous \u00e0 l\u2019\u00e9ducation, \u00e0 la sant\u00e9, au travail, \u00e0 la vie sociale, aux loisirs, \u00e0 la culture et au sport. Elle f\u00e9d\u00e8re aujourd\u2019hui plus d\u2019une centaine d\u2019associations d\u00e9ploy\u00e9es partout sur le territoire. Elle est reconnue d\u2019utilit\u00e9 publique et agr\u00e9\u00e9e association compl\u00e9mentaire de l\u2019\u00e9cole, jeunesse, sport et tourisme.<\/span><\/p>\n<p><span style=\"color: #009de0;\"><strong>L\u2019engagement en faveur de l\u2019\u00e9mancipation de tous<\/strong><\/span><\/p>\n<p><span style=\"color: #003366;\">Le r\u00e9seau associatif PEP d\u00e9veloppe son activit\u00e9 dans une double dynamique, \u00e0 la fois force collective de propositions aupr\u00e8s des pouvoirs publics et d\u00e9ploiement d\u2019actions de proximit\u00e9 sur tout le territoire national et au plan international. Ces deux axes, qui se nourrissent l\u2019un l\u2019autre, se fondent sur les principes d\u2019\u00e9mancipation des personnes accompagn\u00e9es.<\/span><\/p>\n<p><span style=\"color: #009de0;\"><strong>Tous les \u00e2ges de la vie<\/strong><\/span><\/p>\n<p><span style=\"color: #003366;\">Les PEP accompagnent chaque ann\u00e9e pr\u00e8s d\u2019un million et demi d\u2019enfants, adolescents et adultes, touch\u00e9s par l\u2019exclusion sociale, la maladie, le handicap ou en perte d\u2019autonomie. Elles participent \u00e0 leur \u00e9ducation, \u00e0 leur formation, \u00e0 leur acc\u00e8s aux droits citoyens et \u00e0 leur inclusion sociale et professionnelle au plus pr\u00e8s de leurs lieux de vie.<\/span><\/p>\n<p>[\/et_pb_text][\/et_pb_column][\/et_pb_row][\/et_pb_section][et_pb_section fb_built=\u00a0\u00bb1&Prime; _builder_version=\u00a0\u00bb4.19.2&Prime; _module_preset=\u00a0\u00bbdefault\u00a0\u00bb background_color=\u00a0\u00bb#D2E4F9&Prime; min_height=\u00a0\u00bb734.2px\u00a0\u00bb custom_margin=\u00a0\u00bb-34px|||||\u00a0\u00bb custom_padding=\u00a0\u00bb0px||30px|||\u00a0\u00bb hover_enabled=\u00a0\u00bb0&Prime; global_colors_info=\u00a0\u00bb{}\u00a0\u00bb sticky_enabled=\u00a0\u00bb0&Prime;][et_pb_row _builder_version=\u00a0\u00bb4.19.2&Prime; _module_preset=\u00a0\u00bbdefault\u00a0\u00bb global_colors_info=\u00a0\u00bb{}\u00a0\u00bb][et_pb_column type=\u00a0\u00bb4_4&Prime; _builder_version=\u00a0\u00bb4.19.2&Prime; _module_preset=\u00a0\u00bbdefault\u00a0\u00bb global_colors_info=\u00a0\u00bb{}\u00a0\u00bb][et_pb_text _builder_version=\u00a0\u00bb4.19.2&Prime; _module_preset=\u00a0\u00bbdefault\u00a0\u00bb custom_margin=\u00a0\u00bb-46px|||||\u00a0\u00bb custom_padding=\u00a0\u00bb65px|||||\u00a0\u00bb hover_enabled=\u00a0\u00bb0&Prime; global_colors_info=\u00a0\u00bb{}\u00a0\u00bb sticky_enabled=\u00a0\u00bb0&Prime;]<\/p>\n<h3><span style=\"color: #003366;\"><strong>La solidarit\u00e9, au c\u0153ur m\u00eame de l&rsquo;action associative<\/strong><\/span><\/h3>\n<p>[\/et_pb_text][\/et_pb_column][\/et_pb_row][et_pb_row _builder_version=\u00a0\u00bb4.19.2&Prime; _module_preset=\u00a0\u00bbdefault\u00a0\u00bb][et_pb_column _builder_version=\u00a0\u00bb4.19.2&Prime; _module_preset=\u00a0\u00bbdefault\u00a0\u00bb type=\u00a0\u00bb4_4&Prime;][et_pb_divider _builder_version=\u00a0\u00bb4.19.2&Prime; _module_preset=\u00a0\u00bbdefault\u00a0\u00bb color=\u00a0\u00bb#00457A\u00a0\u00bb hover_enabled=\u00a0\u00bb0&Prime; sticky_enabled=\u00a0\u00bb0&Prime; custom_margin=\u00a0\u00bb-24px|||||\u00a0\u00bb][\/et_pb_divider][\/et_pb_column][\/et_pb_row][et_pb_row _builder_version=\u00a0\u00bb4.19.2&Prime; _module_preset=\u00a0\u00bbdefault\u00a0\u00bb custom_padding=\u00a0\u00bb0px|||||\u00a0\u00bb global_colors_info=\u00a0\u00bb{}\u00a0\u00bb][et_pb_column type=\u00a0\u00bb4_4&Prime; _builder_version=\u00a0\u00bb4.19.2&Prime; _module_preset=\u00a0\u00bbdefault\u00a0\u00bb global_colors_info=\u00a0\u00bb{}\u00a0\u00bb][et_pb_text _builder_version=\u00a0\u00bb4.19.2&Prime; _module_preset=\u00a0\u00bbdefault\u00a0\u00bb custom_margin=\u00a0\u00bb-15px|||||\u00a0\u00bb custom_padding=\u00a0\u00bb1px|||||\u00a0\u00bb hover_enabled=\u00a0\u00bb0&Prime; global_colors_info=\u00a0\u00bb{}\u00a0\u00bb sticky_enabled=\u00a0\u00bb0&Prime;]<\/p>\n<p><span style=\"color: #003366;\"><strong>Plus d&rsquo;un si\u00e8cle d&rsquo;actions et d&rsquo;innovations sociales \u00e0 l&rsquo;actif des PEP 62 !<\/strong><\/span><\/p>\n<p><span style=\"color: #003366;\">Au-del\u00e0 de la gestion d&rsquo;\u00e9tablissements sp\u00e9cialis\u00e9s, de l&rsquo;organisation de s\u00e9jours jeunesse et de l&rsquo;accompagnement p\u00e9dagogique sous diff\u00e9rentes formes, les PEP 62 poursuivent leur engagement historique et militant aupr\u00e8s des publics socialement fragilis\u00e9s :<\/span><\/p>\n<p><span style=\"color: #003366;\">&#8211; d\u00e9livrance de bourses pour faciliter les d\u00e9parts en colos ou en classes de d\u00e9couverte<\/span><br \/><span style=\"color: #003366;\">&#8211; financement d&rsquo;\u00e9quipement en optique pour les \u00e9l\u00e8ves, en lien avec le r\u00e9seau APRIS<\/span><br \/><span style=\"color: #003366;\">&#8211; attribution de secours d&rsquo;urgence pour tout \u00e9l\u00e8ve dont la famille \u00e9prouve une difficult\u00e9 extr\u00eame et exceptionnelle.<\/span><\/p>\n<p>[\/et_pb_text][et_pb_image src=\u00a0\u00bbhttps:\/\/www.pep62.fr\/pep62\/wp-content\/uploads\/2023\/04\/Bandeau1-1920&#215;520-1.jpg\u00a0\u00bb title_text=\u00a0\u00bbBandeau1-1920&#215;520&Prime; _builder_version=\u00a0\u00bb4.19.2&Prime; _module_preset=\u00a0\u00bbdefault\u00a0\u00bb global_colors_info=\u00a0\u00bb{}\u00a0\u00bb][\/et_pb_image][\/et_pb_column][\/et_pb_row][\/et_pb_section]<\/p>\n","protected":false},"excerpt":{"rendered":"<p>NOTRE HISTOIRE100 ans d\u2019actions et d\u2019innovations socialesLa force d\u2019un r\u00e9seau associatif national Fond\u00e9e sur les valeurs de la\u00efcit\u00e9, de solidarit\u00e9, d\u2019\u00e9galit\u00e9 et de citoyennet\u00e9, la F\u00e9d\u00e9ration g\u00e9n\u00e9rale des PEP agit depuis plus de cent ans pour le droit et l\u2019acc\u00e8s de tous \u00e0 l\u2019\u00e9ducation, \u00e0 la sant\u00e9, au travail, \u00e0 la vie sociale, aux loisirs, [&hellip;]<\/p>\n","protected":false},"author":13,"featured_media":0,"parent":0,"menu_order":0,"comment_status":"closed","ping_status":"closed","template":"","meta":{"_et_pb_use_builder":"on","_et_pb_old_content":"","_et_gb_content_width":"","footnotes":""},"class_list":["post-6191","page","type-page","status-publish","hentry"],"_links":{"self":[{"href":"https:\/\/www.pep62.fr\/pep62\/wp-json\/wp\/v2\/pages\/6191","targetHints":{"allow":["GET"]}}],"collection":[{"href":"https:\/\/www.pep62.fr\/pep62\/wp-json\/wp\/v2\/pages"}],"about":[{"href":"https:\/\/www.pep62.fr\/pep62\/wp-json\/wp\/v2\/types\/page"}],"author":[{"embeddable":true,"href":"https:\/\/www.pep62.fr\/pep62\/wp-json\/wp\/v2\/users\/13"}],"replies":[{"embeddable":true,"href":"https:\/\/www.pep62.fr\/pep62\/wp-json\/wp\/v2\/comments?post=6191"}],"version-history":[{"count":7,"href":"https:\/\/www.pep62.fr\/pep62\/wp-json\/wp\/v2\/pages\/6191\/revisions"}],"predecessor-version":[{"id":7352,"href":"https:\/\/www.pep62.fr\/pep62\/wp-json\/wp\/v2\/pages\/6191\/revisions\/7352"}],"wp:attachment":[{"href":"https:\/\/www.pep62.fr\/pep62\/wp-json\/wp\/v2\/media?parent=6191"}],"curies":[{"name":"wp","href":"https:\/\/api.w.org\/{rel}","templated":true}]}}