{"id":7604,"date":"2024-03-20T14:21:11","date_gmt":"2024-03-20T13:21:11","guid":{"rendered":"https:\/\/www.pep62.fr\/pep62\/?page_id=7604"},"modified":"2026-03-12T14:05:20","modified_gmt":"2026-03-12T13:05:20","slug":"la-pco-0-6-ans","status":"publish","type":"page","link":"https:\/\/www.pep62.fr\/pep62\/la-pco-0-6-ans\/","title":{"rendered":"LA PCO 0-6 ANS (Plateforme de Coordination et d&rsquo;Orientation)"},"content":{"rendered":"<p>[et_pb_section fb_built=\u00a0\u00bb1&Prime; _builder_version=\u00a0\u00bb4.16&Prime; global_colors_info=\u00a0\u00bb{}\u00a0\u00bb][et_pb_row _builder_version=\u00a0\u00bb4.16&Prime; background_size=\u00a0\u00bbinitial\u00a0\u00bb background_position=\u00a0\u00bbtop_left\u00a0\u00bb background_repeat=\u00a0\u00bbrepeat\u00a0\u00bb global_colors_info=\u00a0\u00bb{}\u00a0\u00bb][et_pb_column type=\u00a0\u00bb4_4&Prime; _builder_version=\u00a0\u00bb4.16&Prime; custom_padding=\u00a0\u00bb|||\u00a0\u00bb global_colors_info=\u00a0\u00bb{}\u00a0\u00bb custom_padding__hover=\u00a0\u00bb|||\u00a0\u00bb][et_pb_text _builder_version=\u00a0\u00bb4.16&Prime; background_size=\u00a0\u00bbinitial\u00a0\u00bb background_position=\u00a0\u00bbtop_left\u00a0\u00bb background_repeat=\u00a0\u00bbrepeat\u00a0\u00bb global_colors_info=\u00a0\u00bb{}\u00a0\u00bb]<\/p>\n<p style=\"text-align: left;\"><span style=\"font-size: xx-large;\"><strong>La PCO 0-6 ans<\/strong><\/span><\/p>\n<p><span style=\"font-weight: 400;\">Ouverte depuis janvier 2021, la PCO (<\/span><i><span style=\"font-weight: 400;\">Plateforme de Coordination et d&rsquo;Orientation) <\/span><\/i><span style=\"font-weight: 400;\">s&rsquo;adresse aux jeunes enfants de 0 \u00e0 6 ans pour lesquels l\u2019entourage et\/ou le m\u00e9decin suspectent un possible TND (<\/span><i><span style=\"font-weight: 400;\">Trouble Neuro-D\u00e9veloppemental<\/span><\/i><span style=\"font-weight: 400;\">), dans le cadre d\u2019un <\/span><b>parcours de bilan<\/b><span style=\"font-weight: 400;\"> et <\/span><b>d\u2019interventions pr\u00e9coces<\/b><b>.<\/b><\/p>\n<p>&nbsp;<\/p>\n<p><b>Les objectifs de la PCO :<\/b><\/p>\n<ul>\n<li aria-level=\"1\"><b>Intervenir pr\u00e9cocement<\/b><b> aupr\u00e8s des enfants pr\u00e9sentant des diff\u00e9rences de d\u00e9veloppement, afin de limiter le sur-handicap<\/b><\/li>\n<\/ul>\n<ul>\n<li aria-level=\"1\"><b>Construire un parcours<\/b><b> coordonn\u00e9, s\u00e9curis\u00e9 et fluide<\/b><\/li>\n<\/ul>\n<ul>\n<li aria-level=\"2\"><b><i>Pr\u00e9coce, d\u00e8s le rep\u00e9rage d\u2019un d\u00e9veloppement inhabituel<\/i><\/b><\/li>\n<\/ul>\n<ul>\n<li aria-level=\"2\"><b><i>Respectueux des souhaits des familles<\/i><\/b><\/li>\n<\/ul>\n<ul>\n<li aria-level=\"2\"><b><i>Dans un parcours de soins gradu\u00e9 et territorialis\u00e9<\/i><\/b><\/li>\n<\/ul>\n<ul>\n<li aria-level=\"2\"><b><i>en lib\u00e9ral ou dans une structure de 2<\/i><\/b><b><i>\u00e8me<\/i><\/b><b><i> ligne<\/i><\/b><\/li>\n<\/ul>\n<ul>\n<li aria-level=\"1\"><b>R\u00e9pondre aux probl\u00e8mes<\/b><b> d\u2019errance diagnostique<\/b><\/li>\n<\/ul>\n<ul>\n<li aria-level=\"1\"><b>R\u00e9duire les sur-handicaps<\/b><\/li>\n<\/ul>\n<ul>\n<li aria-level=\"1\"><b>Assurer un maillage<\/b><b> territorial pertinent<\/b><\/li>\n<\/ul>\n<p>&nbsp;<\/p>\n<p><b>Comment fonctionne la PCO ?<\/b><\/p>\n<ul>\n<li aria-level=\"1\"><b>Par la signature d\u2019une <\/b><b>convention constitutive<\/b><\/li>\n<\/ul>\n<ul>\n<li aria-level=\"1\"><b>Par la mise en place d\u2019un parcours coordonn\u00e9e de <\/b><b>bilans et d\u2019interventions pr\u00e9coces<\/b><b> pour les enfants de 0 \u00e0 6 ans inclus, sans attendre le diagnostic<\/b><\/li>\n<\/ul>\n<ul>\n<li aria-level=\"1\"><b>A partir de<\/b><b> l\u2019\u00e9tude des besoins<\/b><b> de votre enfant et <\/b><b>d\u2019un entretien de pr\u00e9 admission<\/b><b> : l\u2019\u00e9quipe de la PCO \u00e9tudie chaque demande en Commission M\u00e9dicale d\u2019Admission<\/b><\/li>\n<\/ul>\n<ul>\n<li aria-level=\"1\"><b>Par la <\/b><b>mise en place d\u2019un \u00ab forfait d\u2019intervention\u00bb<\/b><b> pour le recours aux professionnels non conventionn\u00e9s par l\u2019assurance maladie : psychomotriciens, ergoth\u00e9rapeutes, psychologues<\/b><\/li>\n<\/ul>\n<ul>\n<li aria-level=\"1\"><b>A travers le <\/b><b>renfort du rep\u00e9rage des \u00e9carts de d\u00e9veloppement<\/b><b> des tr\u00e8s jeunes enfants via l\u2019accompagnement \u00e0 la formation des professionnels de 1<\/b><b>\u00e8re<\/b><b> ligne<\/b><\/li>\n<\/ul>\n<p>&nbsp;<\/p>\n<p><b>L\u2019\u00e9quipe de la PCO 0\/6 ans :<\/b><\/p>\n<ul>\n<li aria-level=\"1\"><b>Une Directrice CAMSP\/CMPP\/PCO<\/b><\/li>\n<\/ul>\n<ul>\n<li aria-level=\"1\"><b>Un M\u00e9decin Coordonnateur<\/b><\/li>\n<\/ul>\n<ul>\n<li aria-level=\"1\"><b>Une Coordinatrice de la plateforme<\/b><\/li>\n<\/ul>\n<ul>\n<li aria-level=\"1\"><b>Une Pu\u00e9ricultrice<\/b><\/li>\n<\/ul>\n<ul>\n<li aria-level=\"1\"><b>Une Assistante Sociale<\/b><\/li>\n<\/ul>\n<ul>\n<li aria-level=\"1\"><b>Une Secr\u00e9taire M\u00e9dicale<\/b><\/li>\n<\/ul>\n<p>&nbsp;<\/p>\n<p><b>Nous contacter :\u00a0\u00a0\u00a0\u00a0\u00a0\u00a0\u00a0\u00a0\u00a0\u00a0\u00a0\u00a0<\/b><\/p>\n<p><b>La PCO 0\/6 ans est joignable :<\/b><\/p>\n<ul>\n<li aria-level=\"1\"><b>par mail : pco62.interieur@pep62.fr<\/b><\/li>\n<\/ul>\n<ul>\n<li aria-level=\"1\"><b>par t\u00e9l\u00e9phone : 03.61.47.81.53<\/b><\/li>\n<\/ul>\n<ul>\n<li aria-level=\"1\"><b>par courrier : 1 bis rue de l\u2019origan, Parc des Bonnettes, 62 000 Arras<\/b><\/li>\n<\/ul>\n<p>&nbsp;<\/p>\n<p>[\/et_pb_text][\/et_pb_column][\/et_pb_row][\/et_pb_section]<\/p>\n","protected":false},"excerpt":{"rendered":"<p>La PCO 0-6 ans Ouverte depuis janvier 2021, la PCO (Plateforme de Coordination et d&rsquo;Orientation) s&rsquo;adresse aux jeunes enfants de 0 \u00e0 6 ans pour lesquels l\u2019entourage et\/ou le m\u00e9decin suspectent un possible TND (Trouble Neuro-D\u00e9veloppemental), dans le cadre d\u2019un parcours de bilan et d\u2019interventions pr\u00e9coces. &nbsp; Les objectifs de la PCO : Intervenir pr\u00e9cocement [&hellip;]<\/p>\n","protected":false},"author":13,"featured_media":0,"parent":0,"menu_order":0,"comment_status":"closed","ping_status":"closed","template":"","meta":{"_et_pb_use_builder":"on","_et_pb_old_content":"<p><span style=\"font-weight: 400;\">Ouverte depuis janvier 2021, la PCO (<\/span><i><span style=\"font-weight: 400;\">Plateforme de Coordination et d'Orientation) <\/span><\/i><span style=\"font-weight: 400;\">s'adresse aux jeunes enfants de 0 \u00e0 6 ans pour lesquels l\u2019entourage et\/ou le m\u00e9decin suspectent un possible TND (<\/span><i><span style=\"font-weight: 400;\">Trouble Neuro-D\u00e9veloppemental<\/span><\/i><span style=\"font-weight: 400;\">), dans le cadre d\u2019un <\/span><b>parcours de bilan<\/b><span style=\"font-weight: 400;\"> et <\/span><b>d\u2019interventions pr\u00e9coces<\/b><b>.<\/b><\/p><p>\u00a0<\/p><p><b>Les objectifs de la PCO :<\/b><\/p><ul><li aria-level=\"1\"><b>Intervenir pr\u00e9cocement<\/b><b> aupr\u00e8s des enfants pr\u00e9sentant des diff\u00e9rences de d\u00e9veloppement, afin de limiter le sur-handicap<\/b><\/li><\/ul><ul><li aria-level=\"1\"><b>Construire un parcours<\/b><b> coordonn\u00e9, s\u00e9curis\u00e9 et fluide<\/b><\/li><\/ul><ul><li aria-level=\"2\"><b><i>Pr\u00e9coce, d\u00e8s le rep\u00e9rage d\u2019un d\u00e9veloppement inhabituel<\/i><\/b><\/li><\/ul><ul><li aria-level=\"2\"><b><i>Respectueux des souhaits des familles<\/i><\/b><\/li><\/ul><ul><li aria-level=\"2\"><b><i>Dans un parcours de soins gradu\u00e9 et territorialis\u00e9<\/i><\/b><\/li><\/ul><ul><li aria-level=\"2\"><b><i>en lib\u00e9ral ou dans une structure de 2<\/i><\/b><b><i>\u00e8me<\/i><\/b><b><i> ligne<\/i><\/b><\/li><\/ul><ul><li aria-level=\"1\"><b>R\u00e9pondre aux probl\u00e8mes<\/b><b> d\u2019errance diagnostique<\/b><\/li><\/ul><ul><li aria-level=\"1\"><b>R\u00e9duire les sur-handicaps<\/b><\/li><\/ul><ul><li aria-level=\"1\"><b>Assurer un maillage<\/b><b> territorial pertinent<\/b><\/li><\/ul><p>\u00a0<\/p><p><b>Comment fonctionne la PCO ?<\/b><\/p><ul><li aria-level=\"1\"><b>Par la signature d\u2019une <\/b><b>convention constitutive<\/b><\/li><\/ul><ul><li aria-level=\"1\"><b>Par la mise en place d\u2019un parcours coordonn\u00e9e de <\/b><b>bilans et d\u2019interventions pr\u00e9coces<\/b><b> pour les enfants de 0 \u00e0 6 ans inclus, sans attendre le diagnostic<\/b><\/li><\/ul><ul><li aria-level=\"1\"><b>A partir de<\/b><b> l\u2019\u00e9tude des besoins<\/b><b> de votre enfant et <\/b><b>d\u2019un entretien de pr\u00e9 admission<\/b><b> : l\u2019\u00e9quipe de la PCO \u00e9tudie chaque demande en Commission M\u00e9dicale d\u2019Admission<\/b><\/li><\/ul><ul><li aria-level=\"1\"><b>Par la <\/b><b>mise en place d\u2019un \u00ab forfait d\u2019intervention\u00bb<\/b><b> pour le recours aux professionnels non conventionn\u00e9s par l\u2019assurance maladie : psychomotriciens, ergoth\u00e9rapeutes, psychologues<\/b><\/li><\/ul><ul><li aria-level=\"1\"><b>A travers le <\/b><b>renfort du rep\u00e9rage des \u00e9carts de d\u00e9veloppement<\/b><b> des tr\u00e8s jeunes enfants via l\u2019accompagnement \u00e0 la formation des professionnels de 1<\/b><b>\u00e8re<\/b><b> ligne<\/b><\/li><\/ul><p>\u00a0<\/p><p><b>L\u2019\u00e9quipe de la PCO 0\/6 ans :<\/b><\/p><ul><li aria-level=\"1\"><b>Une Directrice CAMSP\/CMPP\/PCO<\/b><\/li><\/ul><ul><li aria-level=\"1\"><b>Un M\u00e9decin Coordonnateur<\/b><\/li><\/ul><ul><li aria-level=\"1\"><b>Une Coordinatrice de la plateforme<\/b><\/li><\/ul><ul><li aria-level=\"1\"><b>Une Pu\u00e9ricultrice<\/b><\/li><\/ul><ul><li aria-level=\"1\"><b>Une Assistante Sociale<\/b><\/li><\/ul><ul><li aria-level=\"1\"><b>Une Secr\u00e9taire M\u00e9dicale<\/b><\/li><\/ul><p>\u00a0<\/p><p><b>Nous contacter :\u00a0\u00a0\u00a0\u00a0\u00a0\u00a0\u00a0\u00a0\u00a0\u00a0\u00a0\u00a0<\/b><\/p><p><b>La PCO 0\/6 ans est joignable :<\/b><\/p><ul><li aria-level=\"1\"><b>par mail : pco62.interieur@pep62.fr<\/b><\/li><\/ul><ul><li aria-level=\"1\"><b>par t\u00e9l\u00e9phone : 03.61.47.81.53<\/b><\/li><\/ul><ul><li aria-level=\"1\"><b>par courrier : 1 bis rue de l\u2019origan, Parc des Bonnettes, 62 000 Arras<\/b><\/li><\/ul><p>\u00a0<\/p>","_et_gb_content_width":"","footnotes":""},"class_list":["post-7604","page","type-page","status-publish","hentry"],"_links":{"self":[{"href":"https:\/\/www.pep62.fr\/pep62\/wp-json\/wp\/v2\/pages\/7604","targetHints":{"allow":["GET"]}}],"collection":[{"href":"https:\/\/www.pep62.fr\/pep62\/wp-json\/wp\/v2\/pages"}],"about":[{"href":"https:\/\/www.pep62.fr\/pep62\/wp-json\/wp\/v2\/types\/page"}],"author":[{"embeddable":true,"href":"https:\/\/www.pep62.fr\/pep62\/wp-json\/wp\/v2\/users\/13"}],"replies":[{"embeddable":true,"href":"https:\/\/www.pep62.fr\/pep62\/wp-json\/wp\/v2\/comments?post=7604"}],"version-history":[{"count":15,"href":"https:\/\/www.pep62.fr\/pep62\/wp-json\/wp\/v2\/pages\/7604\/revisions"}],"predecessor-version":[{"id":10411,"href":"https:\/\/www.pep62.fr\/pep62\/wp-json\/wp\/v2\/pages\/7604\/revisions\/10411"}],"wp:attachment":[{"href":"https:\/\/www.pep62.fr\/pep62\/wp-json\/wp\/v2\/media?parent=7604"}],"curies":[{"name":"wp","href":"https:\/\/api.w.org\/{rel}","templated":true}]}}