{"id":8546,"date":"2025-01-07T16:29:47","date_gmt":"2025-01-07T15:29:47","guid":{"rendered":"https:\/\/www.pep62.fr\/pep62\/?page_id=8546"},"modified":"2025-05-05T10:40:04","modified_gmt":"2025-05-05T08:40:04","slug":"sessad-peter-pan-de-boulogne-sur-mer","status":"publish","type":"page","link":"https:\/\/www.pep62.fr\/pep62\/nos-structures\/sessad-peter-pan-de-boulogne-sur-mer\/","title":{"rendered":"SESSAD Peter Pan de Boulogne-sur-Mer"},"content":{"rendered":"<p>Le Service d&rsquo;Education Sp\u00e9ciale et de Soins \u00e0 Domicile, constitu\u00e9 d&rsquo;une \u00e9quipe pluridisciplinaire, vise\u00a0 r\u00e9pondre aux besoins des enfants adolescents et jeunes adultes en situation de handicap, dans leur milieu ordinaire de vie et d&rsquo;\u00e9ducation ainsi qu&rsquo;\u00e0 leurs familles en apportant un accompagnement sp\u00e9cialis\u00e9.<\/p>\n<p>Les personnes peuvent \u00eatre accompagn\u00e9es par le SESSAD si elles b\u00e9n\u00e9ficient d&rsquo;une orientation de la CDAPH.<\/p>\n<p>En 2012, le SESSAD Peter Pan obtient un agr\u00e9ment de 20 places d\u00e9di\u00e9es \u00e0 l&rsquo;accueil d&rsquo;enfants, adolescents et jeunes adultes porteurs de troubles du Spectre Autistique.<\/p>\n<p>Le SESSAD intervient dans et hors les murs, au coeur de la vie familiale, sociale, scolaire et professionnelle des jeunes. Sa vocation premi\u00e8re est de les emmener progressivement vers le chemin de l&rsquo;ind\u00e9pendance. A ce titre, il se doit d&rsquo;intervenir dans et sur l&rsquo;environnement du jeune afin de favoriser ou renforcer son inclusion et son autonomie.<\/p>\n<p>Le SESSAD occupe \u00e9galement une fonction ressource aupr\u00e8s des aidants familiaux, sociaux, scolaires, professionnels du jeune mais \u00e9galement aupr\u00e8s du territoire dans lequel il est implant\u00e9.<\/p>\n<p>Le SESSAD d\u00e9veloppe enfin ses actions de sensibilisation afin de faciliter la vie des jeunes et de leurs familles mais encore de faire conna\u00eetre les troubles du neurod\u00e9veloppement et plus sp\u00e9cifiquement les troubles du spectre autistique \u00e0 la soci\u00e9t\u00e9.<\/p>\n<p>&nbsp;<\/p>\n<h5>Nos offres d&#8217;emplois :<\/h5>\n\n\t\t<style type=\"text\/css\">\n\t\t\t#gallery-1 {\n\t\t\t\tmargin: auto;\n\t\t\t}\n\t\t\t#gallery-1 .gallery-item {\n\t\t\t\tfloat: left;\n\t\t\t\tmargin-top: 10px;\n\t\t\t\ttext-align: center;\n\t\t\t\twidth: 33%;\n\t\t\t}\n\t\t\t#gallery-1 img {\n\t\t\t\tborder: 2px solid #cfcfcf;\n\t\t\t}\n\t\t\t#gallery-1 .gallery-caption {\n\t\t\t\tmargin-left: 0;\n\t\t\t}\n\t\t\t\/* see gallery_shortcode() in wp-includes\/media.php *\/\n\t\t<\/style>\n\t\t<div id='gallery-1' class='gallery galleryid-8546 gallery-columns-3 gallery-size-medium'><dl class='gallery-item'>\n\t\t\t<dt class='gallery-icon portrait'>\n\t\t\t\t<a href='https:\/\/www.pep62.fr\/pep62\/as-cdd-sessad-peter-pan-mars25-3\/'><img loading=\"lazy\" decoding=\"async\" width=\"212\" height=\"300\" src=\"https:\/\/www.pep62.fr\/pep62\/wp-content\/uploads\/2025\/03\/AS-CDD-SESSAD-Peter-Pan-Mars25-212x300.jpg\" class=\"attachment-medium size-medium\" alt=\"\" \/><\/a>\n\t\t\t<\/dt><\/dl><dl class='gallery-item'>\n\t\t\t<dt class='gallery-icon portrait'>\n\t\t\t\t<a href='https:\/\/www.pep62.fr\/pep62\/assistant-service-social-sessad-peter-pan-boulogne-et-campagne-cdi-tps-partiel-dec24-modif-mars25-2\/'><img loading=\"lazy\" decoding=\"async\" width=\"212\" height=\"300\" src=\"https:\/\/www.pep62.fr\/pep62\/wp-content\/uploads\/2025\/03\/assistant-Service-social-SESSAD-Peter-Pan-Boulogne-et-Campagne-CDI-tps-Partiel-Dec24-Modif-Mars25-212x300.jpg\" class=\"attachment-medium size-medium\" alt=\"\" \/><\/a>\n\t\t\t<\/dt><\/dl><dl class='gallery-item'>\n\t\t\t<dt class='gallery-icon portrait'>\n\t\t\t\t<a href='https:\/\/www.pep62.fr\/pep62\/orthophoniste-cdi-partiel-sessad-peter-pan-de-boulogne-sur-mer-sept24\/'><img loading=\"lazy\" decoding=\"async\" width=\"212\" height=\"300\" src=\"https:\/\/www.pep62.fr\/pep62\/wp-content\/uploads\/2024\/10\/Orthophoniste-CDI-partiel-SESSAD-Peter-Pan-de-Boulogne-sur-Mer-Sept24-212x300.jpg\" class=\"attachment-medium size-medium\" alt=\"\" \/><\/a>\n\t\t\t<\/dt><\/dl><br style=\"clear: both\" \/><dl class='gallery-item'>\n\t\t\t<dt class='gallery-icon portrait'>\n\t\t\t\t<a href='https:\/\/www.pep62.fr\/pep62\/assistant-service-social-sessad-peter-pan-campagne-cdi-tps-partiel-dec24-modif-mars25\/'><img loading=\"lazy\" decoding=\"async\" width=\"212\" height=\"300\" src=\"https:\/\/www.pep62.fr\/pep62\/wp-content\/uploads\/2025\/03\/assistant-Service-social-SESSAD-Peter-Pan-Campagne-CDI-tps-Partiel-Dec24-modif-Mars25-212x300.jpg\" class=\"attachment-medium size-medium\" alt=\"\" \/><\/a>\n\t\t\t<\/dt><\/dl><dl class='gallery-item'>\n\t\t\t<dt class='gallery-icon portrait'>\n\t\t\t\t<a href='https:\/\/www.pep62.fr\/pep62\/le-sessad-peter-pan-et-luema-de-boulogne-sur-mer-recherchent-un-psychologue-en-cdd-de-4-mois-a-temps-complet-1-etp\/psy-sessad-peter-pan-et-uema-cdd-tc-4-mois-mai25\/'><img loading=\"lazy\" decoding=\"async\" width=\"212\" height=\"300\" src=\"https:\/\/www.pep62.fr\/pep62\/wp-content\/uploads\/2025\/05\/psy-SESSAD-Peter-Pan-et-UEMA-CDD-TC-4-mois-Mai25-212x300.jpg\" class=\"attachment-medium size-medium\" alt=\"\" \/><\/a>\n\t\t\t<\/dt><\/dl>\n\t\t\t<br style='clear: both' \/>\n\t\t<\/div>\n\n","protected":false},"excerpt":{"rendered":"<p>Le Service d&rsquo;Education Sp\u00e9ciale et de Soins \u00e0 Domicile, constitu\u00e9 d&rsquo;une \u00e9quipe pluridisciplinaire, vise\u00a0 r\u00e9pondre aux besoins des enfants adolescents et jeunes adultes en situation de handicap, dans leur milieu ordinaire de vie et d&rsquo;\u00e9ducation ainsi qu&rsquo;\u00e0 leurs familles en apportant un accompagnement sp\u00e9cialis\u00e9. Les personnes peuvent \u00eatre accompagn\u00e9es par le SESSAD si elles b\u00e9n\u00e9ficient [&hellip;]<\/p>\n","protected":false},"author":17,"featured_media":0,"parent":8541,"menu_order":0,"comment_status":"closed","ping_status":"closed","template":"","meta":{"_et_pb_use_builder":"","_et_pb_old_content":"","_et_gb_content_width":"","footnotes":""},"class_list":["post-8546","page","type-page","status-publish","hentry"],"_links":{"self":[{"href":"https:\/\/www.pep62.fr\/pep62\/wp-json\/wp\/v2\/pages\/8546","targetHints":{"allow":["GET"]}}],"collection":[{"href":"https:\/\/www.pep62.fr\/pep62\/wp-json\/wp\/v2\/pages"}],"about":[{"href":"https:\/\/www.pep62.fr\/pep62\/wp-json\/wp\/v2\/types\/page"}],"author":[{"embeddable":true,"href":"https:\/\/www.pep62.fr\/pep62\/wp-json\/wp\/v2\/users\/17"}],"replies":[{"embeddable":true,"href":"https:\/\/www.pep62.fr\/pep62\/wp-json\/wp\/v2\/comments?post=8546"}],"version-history":[{"count":11,"href":"https:\/\/www.pep62.fr\/pep62\/wp-json\/wp\/v2\/pages\/8546\/revisions"}],"predecessor-version":[{"id":9392,"href":"https:\/\/www.pep62.fr\/pep62\/wp-json\/wp\/v2\/pages\/8546\/revisions\/9392"}],"up":[{"embeddable":true,"href":"https:\/\/www.pep62.fr\/pep62\/wp-json\/wp\/v2\/pages\/8541"}],"wp:attachment":[{"href":"https:\/\/www.pep62.fr\/pep62\/wp-json\/wp\/v2\/media?parent=8546"}],"curies":[{"name":"wp","href":"https:\/\/api.w.org\/{rel}","templated":true}]}}