{"id":8548,"date":"2025-01-07T16:30:43","date_gmt":"2025-01-07T15:30:43","guid":{"rendered":"https:\/\/www.pep62.fr\/pep62\/?page_id=8548"},"modified":"2025-05-05T10:33:24","modified_gmt":"2025-05-05T08:33:24","slug":"sessad-de-lauthie-berck-sur-mer","status":"publish","type":"page","link":"https:\/\/www.pep62.fr\/pep62\/nos-structures\/sessad-de-lauthie-berck-sur-mer\/","title":{"rendered":"SESSAD de l&rsquo;Authie &#8211; Berck-sur-Mer"},"content":{"rendered":"<p>Le Service d\u2019Education Sp\u00e9ciale et de Soins \u00e0 Domicile, constitu\u00e9 d\u2019une \u00e9quipe pluridisciplinaire, vise\u00a0 r\u00e9pondre aux besoins des enfants adolescents et jeunes adultes en situation de handicap, dans leur milieu ordinaire de vie et d\u2019\u00e9ducation ainsi qu\u2019\u00e0 leurs familles en apportant un accompagnement sp\u00e9cialis\u00e9. Les personnes peuvent \u00eatre accompagn\u00e9es par le SESSAD si elles b\u00e9n\u00e9ficient d\u2019une orientation de la CDAPH. Le SESSAD de Berck-sur-Mer a \u00e9t\u00e9 cr\u00e9\u00e9 en 1967 sous la d\u00e9nomination de CRF (Centre de R\u00e9adaptation Fonctionnelle), et a chang\u00e9 d&rsquo;appellation suivant l&rsquo;\u00e9volution de son activit\u00e9 et des textes r\u00e9glementaires. Il \u00e9tait un IEM (Institut d&rsquo;Education Motrice) jusqu&rsquo;en 2016. Depuis 2019, son agr\u00e9ment propose 80 places, r\u00e9parties sur le SESSAD de Berck-sur-Mer et sur son antenne \u00e0 Attin, pour enfants et adolescents pr\u00e9sentant des troubles moteurs ou des troubles sp\u00e9cifiques du langage.<\/p>\n<h5>Nos offres d&#8217;emplois sur le SESSAD<\/h5>\n\n\t\t<style type=\"text\/css\">\n\t\t\t#gallery-1 {\n\t\t\t\tmargin: auto;\n\t\t\t}\n\t\t\t#gallery-1 .gallery-item {\n\t\t\t\tfloat: left;\n\t\t\t\tmargin-top: 10px;\n\t\t\t\ttext-align: center;\n\t\t\t\twidth: 33%;\n\t\t\t}\n\t\t\t#gallery-1 img {\n\t\t\t\tborder: 2px solid #cfcfcf;\n\t\t\t}\n\t\t\t#gallery-1 .gallery-caption {\n\t\t\t\tmargin-left: 0;\n\t\t\t}\n\t\t\t\/* see gallery_shortcode() in wp-includes\/media.php *\/\n\t\t<\/style>\n\t\t<div id='gallery-1' class='gallery galleryid-8548 gallery-columns-3 gallery-size-medium'><dl class='gallery-item'>\n\t\t\t<dt class='gallery-icon portrait'>\n\t\t\t\t<a href='https:\/\/www.pep62.fr\/pep62\/ortho-cdi-sessad-berck-sept24\/'><img loading=\"lazy\" decoding=\"async\" width=\"212\" height=\"300\" src=\"https:\/\/www.pep62.fr\/pep62\/wp-content\/uploads\/2024\/09\/Ortho-CDI-SESSAD-Berck-Sept24-212x300.jpg\" class=\"attachment-medium size-medium\" alt=\"\" \/><\/a>\n\t\t\t<\/dt><\/dl><dl class='gallery-item'>\n\t\t\t<dt class='gallery-icon portrait'>\n\t\t\t\t<a href='https:\/\/www.pep62.fr\/pep62\/psychomot-camsp-attin-sessad-berck-cdd-tc-janv25-modif-avril25\/'><img loading=\"lazy\" decoding=\"async\" width=\"212\" height=\"300\" src=\"https:\/\/www.pep62.fr\/pep62\/wp-content\/uploads\/2025\/01\/Psychomot-CAMSP-Attin-SESSAD-Berck-CDD-TC-Janv25-modif-avril25-212x300.jpg\" class=\"attachment-medium size-medium\" alt=\"psychomotricien PEP62 Offre d&#039;emploi\" \/><\/a>\n\t\t\t<\/dt><\/dl>\n\t\t\t<br style='clear: both' \/>\n\t\t<\/div>\n\n","protected":false},"excerpt":{"rendered":"<p>Le Service d\u2019Education Sp\u00e9ciale et de Soins \u00e0 Domicile, constitu\u00e9 d\u2019une \u00e9quipe pluridisciplinaire, vise\u00a0 r\u00e9pondre aux besoins des enfants adolescents et jeunes adultes en situation de handicap, dans leur milieu ordinaire de vie et d\u2019\u00e9ducation ainsi qu\u2019\u00e0 leurs familles en apportant un accompagnement sp\u00e9cialis\u00e9. Les personnes peuvent \u00eatre accompagn\u00e9es par le SESSAD si elles b\u00e9n\u00e9ficient [&hellip;]<\/p>\n","protected":false},"author":17,"featured_media":0,"parent":8541,"menu_order":0,"comment_status":"closed","ping_status":"closed","template":"","meta":{"_et_pb_use_builder":"off","_et_pb_old_content":"","_et_gb_content_width":"","footnotes":""},"class_list":["post-8548","page","type-page","status-publish","hentry"],"_links":{"self":[{"href":"https:\/\/www.pep62.fr\/pep62\/wp-json\/wp\/v2\/pages\/8548","targetHints":{"allow":["GET"]}}],"collection":[{"href":"https:\/\/www.pep62.fr\/pep62\/wp-json\/wp\/v2\/pages"}],"about":[{"href":"https:\/\/www.pep62.fr\/pep62\/wp-json\/wp\/v2\/types\/page"}],"author":[{"embeddable":true,"href":"https:\/\/www.pep62.fr\/pep62\/wp-json\/wp\/v2\/users\/17"}],"replies":[{"embeddable":true,"href":"https:\/\/www.pep62.fr\/pep62\/wp-json\/wp\/v2\/comments?post=8548"}],"version-history":[{"count":9,"href":"https:\/\/www.pep62.fr\/pep62\/wp-json\/wp\/v2\/pages\/8548\/revisions"}],"predecessor-version":[{"id":9389,"href":"https:\/\/www.pep62.fr\/pep62\/wp-json\/wp\/v2\/pages\/8548\/revisions\/9389"}],"up":[{"embeddable":true,"href":"https:\/\/www.pep62.fr\/pep62\/wp-json\/wp\/v2\/pages\/8541"}],"wp:attachment":[{"href":"https:\/\/www.pep62.fr\/pep62\/wp-json\/wp\/v2\/media?parent=8548"}],"curies":[{"name":"wp","href":"https:\/\/api.w.org\/{rel}","templated":true}]}}