{"id":8567,"date":"2025-01-07T16:47:03","date_gmt":"2025-01-07T15:47:03","guid":{"rendered":"https:\/\/www.pep62.fr\/pep62\/?page_id=8567"},"modified":"2025-05-05T10:19:42","modified_gmt":"2025-05-05T08:19:42","slug":"cmpp-darras","status":"publish","type":"page","link":"https:\/\/www.pep62.fr\/pep62\/nos-structures\/cmpp\/cmpp-darras\/","title":{"rendered":"CMPP d&rsquo;Arras"},"content":{"rendered":"<p>Le CMPP d&rsquo;Arras assure les consultations et les traitements ambulatoires pour les enfants et les adolescents pr\u00e9sentant de fa\u00e7on tr\u00e8s g\u00e9n\u00e9rale des troubles d&rsquo;\u00e9tiologie psychoaffective : inadaptation scolaire ou sociale, troubles du comportement ou de la personnalit\u00e9.<\/p>\n<p>Horaires d&rsquo;ouverture :<\/p>\n<p>Lundi : 8h &#8211; 19h<br \/>\nMardi : 8h &#8211; 19h<br \/>\nMercredi : 8h &#8211; 18h30<br \/>\nJeudi : 8h &#8211; 19h<br \/>\nVendredi : 8h &#8211; 18h30<\/p>\n<p>&nbsp;<\/p>\n<h5>Nos offres d&#8217;emplois sur le CAMSP<\/h5>\n\n\t\t<style type=\"text\/css\">\n\t\t\t#gallery-1 {\n\t\t\t\tmargin: auto;\n\t\t\t}\n\t\t\t#gallery-1 .gallery-item {\n\t\t\t\tfloat: left;\n\t\t\t\tmargin-top: 10px;\n\t\t\t\ttext-align: center;\n\t\t\t\twidth: 33%;\n\t\t\t}\n\t\t\t#gallery-1 img {\n\t\t\t\tborder: 2px solid #cfcfcf;\n\t\t\t}\n\t\t\t#gallery-1 .gallery-caption {\n\t\t\t\tmargin-left: 0;\n\t\t\t}\n\t\t\t\/* see gallery_shortcode() in wp-includes\/media.php *\/\n\t\t<\/style>\n\t\t<div id='gallery-1' class='gallery galleryid-8567 gallery-columns-3 gallery-size-medium'><dl class='gallery-item'>\n\t\t\t<dt class='gallery-icon portrait'>\n\t\t\t\t<a href='https:\/\/www.pep62.fr\/pep62\/sec-dir-camsp-cmpp-arras-cdi-0-5-etp-avr25-2\/'><img loading=\"lazy\" decoding=\"async\" width=\"212\" height=\"300\" src=\"https:\/\/www.pep62.fr\/pep62\/wp-content\/uploads\/2025\/04\/Sec-Dir-CAMSP-CMPP-ARRAS-CDI-0.5-ETP-avr25-212x300.jpg\" class=\"attachment-medium size-medium\" alt=\"\" \/><\/a>\n\t\t\t<\/dt><\/dl><dl class='gallery-item'>\n\t\t\t<dt class='gallery-icon portrait'>\n\t\t\t\t<a href='https:\/\/www.pep62.fr\/pep62\/neuro-psy-cmpp-arras-cdd-tp-fev25\/'><img loading=\"lazy\" decoding=\"async\" width=\"212\" height=\"300\" src=\"https:\/\/www.pep62.fr\/pep62\/wp-content\/uploads\/2025\/02\/Neuro-psy-CMPP-Arras-CDD-TP-Fev25-212x300.jpg\" class=\"attachment-medium size-medium\" alt=\"\" \/><\/a>\n\t\t\t<\/dt><\/dl>\n\t\t\t<br style='clear: both' \/>\n\t\t<\/div>\n\n","protected":false},"excerpt":{"rendered":"<p>Le CMPP d&rsquo;Arras assure les consultations et les traitements ambulatoires pour les enfants et les adolescents pr\u00e9sentant de fa\u00e7on tr\u00e8s g\u00e9n\u00e9rale des troubles d&rsquo;\u00e9tiologie psychoaffective : inadaptation scolaire ou sociale, troubles du comportement ou de la personnalit\u00e9. Horaires d&rsquo;ouverture : Lundi : 8h &#8211; 19h Mardi : 8h &#8211; 19h Mercredi : 8h &#8211; 18h30 [&hellip;]<\/p>\n","protected":false},"author":17,"featured_media":0,"parent":8565,"menu_order":0,"comment_status":"closed","ping_status":"closed","template":"","meta":{"_et_pb_use_builder":"","_et_pb_old_content":"","_et_gb_content_width":"","footnotes":""},"class_list":["post-8567","page","type-page","status-publish","hentry"],"_links":{"self":[{"href":"https:\/\/www.pep62.fr\/pep62\/wp-json\/wp\/v2\/pages\/8567","targetHints":{"allow":["GET"]}}],"collection":[{"href":"https:\/\/www.pep62.fr\/pep62\/wp-json\/wp\/v2\/pages"}],"about":[{"href":"https:\/\/www.pep62.fr\/pep62\/wp-json\/wp\/v2\/types\/page"}],"author":[{"embeddable":true,"href":"https:\/\/www.pep62.fr\/pep62\/wp-json\/wp\/v2\/users\/17"}],"replies":[{"embeddable":true,"href":"https:\/\/www.pep62.fr\/pep62\/wp-json\/wp\/v2\/comments?post=8567"}],"version-history":[{"count":7,"href":"https:\/\/www.pep62.fr\/pep62\/wp-json\/wp\/v2\/pages\/8567\/revisions"}],"predecessor-version":[{"id":9375,"href":"https:\/\/www.pep62.fr\/pep62\/wp-json\/wp\/v2\/pages\/8567\/revisions\/9375"}],"up":[{"embeddable":true,"href":"https:\/\/www.pep62.fr\/pep62\/wp-json\/wp\/v2\/pages\/8565"}],"wp:attachment":[{"href":"https:\/\/www.pep62.fr\/pep62\/wp-json\/wp\/v2\/media?parent=8567"}],"curies":[{"name":"wp","href":"https:\/\/api.w.org\/{rel}","templated":true}]}}