{"id":8573,"date":"2025-01-07T16:49:31","date_gmt":"2025-01-07T15:49:31","guid":{"rendered":"https:\/\/www.pep62.fr\/pep62\/?page_id=8573"},"modified":"2025-06-05T11:42:49","modified_gmt":"2025-06-05T09:42:49","slug":"camsp-darras","status":"publish","type":"page","link":"https:\/\/www.pep62.fr\/pep62\/camsp-darras\/","title":{"rendered":"CAMSP d&rsquo;Arras"},"content":{"rendered":"<p>Le Centre d&rsquo;Action M\u00e9dico-Social Pr\u00e9coce a pour but le d\u00e9pistage, la cure ambulatoire et la r\u00e9\u00e9ducation des enfants des premiers et deuxi\u00e8mes \u00e2ges qui pr\u00e9sentent des d\u00e9ficits sensoriels, moteurs ou intellectuels, en vue d&rsquo;une adaptation sociale et \u00e9ducative sur leurs lieux de vie habituels et avec la participation de celui-ci. Il exerce des actions de pr\u00e9vention secondaire limitant le sur-handicap pour les enfants avec des troubles du d\u00e9veloppement.<br \/>\nL&rsquo;\u00e9tablissement respecte les missions socles :<\/p>\n<ul>\n<li>La pr\u00e9cocit\u00e9 du rep\u00e9rage, du d\u00e9pistage et de l&rsquo;accueil de l&rsquo;enfant et de ses parents<\/li>\n<li>Les soins et l&rsquo;accompagnement pr\u00e9coce, interdisciplinaires et personnalis\u00e9s de l&rsquo;enfant<\/li>\n<li>L&rsquo;accompagnement des parents et l&rsquo;\u00e9coute de la fratrie<\/li>\n<li>La co-construction du projet de sortie du CAMSP de l&rsquo;enfant<\/li>\n<li>Le soutien des professionnels et le renforcement de leurs comp\u00e9tences<\/li>\n<\/ul>\n<p>Le CAMSP d&rsquo;Arras a \u00e9t\u00e9 cr\u00e9\u00e9 le 14 novembre 1979.<\/p>\n<p>CAMSP polyvalent, l&rsquo;\u00e9tablissement a un agr\u00e9ment de 132 places et accueille des enfants de moins de 6 ans ainsi que leur famille, d\u00e8s lors qu&rsquo;un questionnement se pose sur le d\u00e9veloppement ou sur les difficult\u00e9s de leur enfant.<\/p>\n<p>L&rsquo;\u00e9quipe participe \u00e9galement \u00e0 l&rsquo;EDAP (Equipe Diagnostic Autisme de Proximit\u00e9) d&rsquo;Arras.<\/p>\n<p>Horaires d&rsquo;ouverture :<\/p>\n<ul>\n<li>Lundi : 8h &#8211; 19h<\/li>\n<li>Mardi : 8h &#8211; 19h<\/li>\n<li>Mercredi : 8h &#8211; 18h30<\/li>\n<li>Jeudi : 8h &#8211; 19h<\/li>\n<li>Vendredi : 8h &#8211; 18h30<\/li>\n<\/ul>\n<h5>Nous contacter :<\/h5>\n<p><i class=\"fas fa-envelope\"><\/i>3, Rue Marietta Martin,<br \/>\n62 000 Arras<br \/>\n<i class=\"fas fa-phone-alt\"><\/i>Tel : 03 21 50 92 50<br \/>\n<i class=\"fas fa-at\"><\/i>Mail : camsp.arras@pep62.fr<\/p>\n<p>&nbsp;<\/p>\n<h5>Nos offres d&#8217;emplois sur le CAMSP<\/h5>\n\n\t\t<style type=\"text\/css\">\n\t\t\t#gallery-1 {\n\t\t\t\tmargin: auto;\n\t\t\t}\n\t\t\t#gallery-1 .gallery-item {\n\t\t\t\tfloat: left;\n\t\t\t\tmargin-top: 10px;\n\t\t\t\ttext-align: center;\n\t\t\t\twidth: 33%;\n\t\t\t}\n\t\t\t#gallery-1 img {\n\t\t\t\tborder: 2px solid #cfcfcf;\n\t\t\t}\n\t\t\t#gallery-1 .gallery-caption {\n\t\t\t\tmargin-left: 0;\n\t\t\t}\n\t\t\t\/* see gallery_shortcode() in wp-includes\/media.php *\/\n\t\t<\/style>\n\t\t<div id='gallery-1' class='gallery galleryid-8573 gallery-columns-3 gallery-size-medium'><dl class='gallery-item'>\n\t\t\t<dt class='gallery-icon portrait'>\n\t\t\t\t<a href='https:\/\/www.pep62.fr\/pep62\/kine-camsp-arras-cdi-tc-janv25-2\/'><img loading=\"lazy\" decoding=\"async\" width=\"212\" height=\"300\" src=\"https:\/\/www.pep62.fr\/pep62\/wp-content\/uploads\/2025\/01\/Kine-CAMSP-Arras-CDI-TC-Janv25-212x300.jpg\" class=\"attachment-medium size-medium\" alt=\"\" \/><\/a>\n\t\t\t<\/dt><\/dl><dl class='gallery-item'>\n\t\t\t<dt class='gallery-icon portrait'>\n\t\t\t\t<a href='https:\/\/www.pep62.fr\/pep62\/sec-dir-camsp-cmpp-arras-cdi-0-5-etp-avr25-2\/'><img loading=\"lazy\" decoding=\"async\" width=\"212\" height=\"300\" src=\"https:\/\/www.pep62.fr\/pep62\/wp-content\/uploads\/2025\/04\/Sec-Dir-CAMSP-CMPP-ARRAS-CDI-0.5-ETP-avr25-212x300.jpg\" class=\"attachment-medium size-medium\" alt=\"\" \/><\/a>\n\t\t\t<\/dt><\/dl><dl class='gallery-item'>\n\t\t\t<dt class='gallery-icon portrait'>\n\t\t\t\t<a href='https:\/\/www.pep62.fr\/pep62\/psychomot-camsp-arras-cdd-tp-avril25-3\/'><img loading=\"lazy\" decoding=\"async\" width=\"212\" height=\"300\" src=\"https:\/\/www.pep62.fr\/pep62\/wp-content\/uploads\/2025\/04\/psychomot-CAMSP-Arras-CDD-TP-Avril25-1-212x300.png\" class=\"attachment-medium size-medium\" alt=\"\" \/><\/a>\n\t\t\t<\/dt><\/dl><br style=\"clear: both\" \/>\n\t\t<\/div>\n\n<p>&nbsp;<\/p>\n","protected":false},"excerpt":{"rendered":"<p>Le Centre d&rsquo;Action M\u00e9dico-Social Pr\u00e9coce a pour but le d\u00e9pistage, la cure ambulatoire et la r\u00e9\u00e9ducation des enfants des premiers et deuxi\u00e8mes \u00e2ges qui pr\u00e9sentent des d\u00e9ficits sensoriels, moteurs ou intellectuels, en vue d&rsquo;une adaptation sociale et \u00e9ducative sur leurs lieux de vie habituels et avec la participation de celui-ci. Il exerce des actions de [&hellip;]<\/p>\n","protected":false},"author":17,"featured_media":0,"parent":0,"menu_order":0,"comment_status":"closed","ping_status":"closed","template":"","meta":{"_et_pb_use_builder":"","_et_pb_old_content":"","_et_gb_content_width":"","footnotes":""},"class_list":["post-8573","page","type-page","status-publish","hentry"],"_links":{"self":[{"href":"https:\/\/www.pep62.fr\/pep62\/wp-json\/wp\/v2\/pages\/8573","targetHints":{"allow":["GET"]}}],"collection":[{"href":"https:\/\/www.pep62.fr\/pep62\/wp-json\/wp\/v2\/pages"}],"about":[{"href":"https:\/\/www.pep62.fr\/pep62\/wp-json\/wp\/v2\/types\/page"}],"author":[{"embeddable":true,"href":"https:\/\/www.pep62.fr\/pep62\/wp-json\/wp\/v2\/users\/17"}],"replies":[{"embeddable":true,"href":"https:\/\/www.pep62.fr\/pep62\/wp-json\/wp\/v2\/comments?post=8573"}],"version-history":[{"count":16,"href":"https:\/\/www.pep62.fr\/pep62\/wp-json\/wp\/v2\/pages\/8573\/revisions"}],"predecessor-version":[{"id":9532,"href":"https:\/\/www.pep62.fr\/pep62\/wp-json\/wp\/v2\/pages\/8573\/revisions\/9532"}],"wp:attachment":[{"href":"https:\/\/www.pep62.fr\/pep62\/wp-json\/wp\/v2\/media?parent=8573"}],"curies":[{"name":"wp","href":"https:\/\/api.w.org\/{rel}","templated":true}]}}