{"id":8582,"date":"2025-01-07T16:53:49","date_gmt":"2025-01-07T15:53:49","guid":{"rendered":"https:\/\/www.pep62.fr\/pep62\/?page_id=8582"},"modified":"2025-03-05T16:40:41","modified_gmt":"2025-03-05T15:40:41","slug":"camsp-de-boulogne-sur-mer","status":"publish","type":"page","link":"https:\/\/www.pep62.fr\/pep62\/nos-structures\/camsp\/camsp-de-boulogne-sur-mer\/","title":{"rendered":"CAMSP de Boulogne-sur-Mer"},"content":{"rendered":"<p>Le Centre d&rsquo;Action M\u00e9dico-Social Pr\u00e9coce a pour but le d\u00e9pistage, la cure ambulatoire et la r\u00e9\u00e9ducation des enfants des premiers et deuxi\u00e8mes \u00e2ges qui pr\u00e9sentent des d\u00e9ficits sensoriels, moteurs ou intellectuels, en vue d&rsquo;une adaptation sociale et \u00e9ducative sur leurs lieux de vie habituels et avec la participation de celui-ci. Il exerce des actions de pr\u00e9vention secondaire limitant le sur-handicap pour les enfants avec des troubles du d\u00e9veloppement.<br \/>\nL&rsquo;\u00e9tablissement respecte les missions socles :<\/p>\n<ul>\n<li>La pr\u00e9cocit\u00e9 du rep\u00e9rage, du d\u00e9pistage et de l&rsquo;accueil de l&rsquo;enfant et de ses parents<\/li>\n<li>Les soins et l&rsquo;accompagnement pr\u00e9coce, interdisciplinaires et personnalis\u00e9s de l&rsquo;enfant<\/li>\n<li>L&rsquo;accompagnement des parents et l&rsquo;\u00e9coute de la fratrie<\/li>\n<li>La co-construction du projet de sortie du CAMSP de l&rsquo;enfant<\/li>\n<li>Le soutien des professionnels et le renforcement de leurs comp\u00e9tences<\/li>\n<\/ul>\n<p>Le CAMSP du Boulonnais a ouvert ses portes le 1er f\u00e9vrier 2000, avec un agr\u00e9ment initial de 50 places qui est pass\u00e9 \u00e0 105 places en 2017.<\/p>\n<p>C&rsquo;est un CAMSP qui s&rsquo;adresse \u00e0 des enfants de 0 \u00e0 6 ans pr\u00e9sentant des :<\/p>\n<ul>\n<li>d\u00e9ficiences motrices, sensorielles, mentales, isol\u00e9es ou associ\u00e9es, g\u00e9n\u00e9rant pluri ou polyhandicap,<\/li>\n<li>troubles des conduites et des comportements, des interactions sociales, de la communication, de l&rsquo;oralit\u00e9,<\/li>\n<li>retards et troubles du langage, retards psychomoteur, retards des acquisitions et des difficult\u00e9s d&rsquo;apprentissage,<\/li>\n<li>troubles de la personnalit\u00e9,<\/li>\n<li>troubles instrumentaux ou troubles dys : dysphasie, dyspraxie,<\/li>\n<li>enfants \u00e0 risque de troubles de d\u00e9veloppement.<\/li>\n<\/ul>\n<p>A compter de 2017, dans le cadre d&rsquo;une extension de faible importance, sa capacit\u00e9 d&rsquo;accueil a \u00e9t\u00e9 port\u00e9e \u00e0 105 places dont 5 sp\u00e9cifiquement d\u00e9di\u00e9es \u00e0 des enfants pr\u00e9sentant des Troubles du Spectre Autistique, dans le cadre d&rsquo;un Dispositif d&rsquo;Intervention Pr\u00e9coce et Intensive (DIPI). L&rsquo;objectif principal de ce dispositif est d&rsquo;intervenir pr\u00e9cocement, de mani\u00e8re intensive, pluridisciplinaire et transversale, afin de diminuer l&rsquo;impact des troubles sur les apprentissages sociaux et cognitifs.<\/p>\n\n\t\t<style type=\"text\/css\">\n\t\t\t#gallery-1 {\n\t\t\t\tmargin: auto;\n\t\t\t}\n\t\t\t#gallery-1 .gallery-item {\n\t\t\t\tfloat: left;\n\t\t\t\tmargin-top: 10px;\n\t\t\t\ttext-align: center;\n\t\t\t\twidth: 50%;\n\t\t\t}\n\t\t\t#gallery-1 img {\n\t\t\t\tborder: 2px solid #cfcfcf;\n\t\t\t}\n\t\t\t#gallery-1 .gallery-caption {\n\t\t\t\tmargin-left: 0;\n\t\t\t}\n\t\t\t\/* see gallery_shortcode() in wp-includes\/media.php *\/\n\t\t<\/style>\n\t\t<div id='gallery-1' class='gallery galleryid-8582 gallery-columns-2 gallery-size-large'><dl class='gallery-item'>\n\t\t\t<dt class='gallery-icon landscape'>\n\t\t\t\t<a href='https:\/\/www.pep62.fr\/pep62\/nos-structures\/camsp\/camsp-de-boulogne-sur-mer\/img_7291-2\/'><img loading=\"lazy\" decoding=\"async\" width=\"1024\" height=\"683\" src=\"https:\/\/www.pep62.fr\/pep62\/wp-content\/uploads\/2025\/02\/IMG_7291-1024x683.jpg\" class=\"attachment-large size-large\" alt=\"3 enfants qui \u00e9crivent sur un tableau - CAMSP de Boulogne-sur-Mer\" srcset=\"https:\/\/www.pep62.fr\/pep62\/wp-content\/uploads\/2025\/02\/IMG_7291-980x653.jpg 980w, https:\/\/www.pep62.fr\/pep62\/wp-content\/uploads\/2025\/02\/IMG_7291-480x320.jpg 480w\" sizes=\"(min-width: 0px) and (max-width: 480px) 480px, (min-width: 481px) and (max-width: 980px) 980px, (min-width: 981px) 1024px, 100vw\" \/><\/a>\n\t\t\t<\/dt><\/dl><dl class='gallery-item'>\n\t\t\t<dt class='gallery-icon portrait'>\n\t\t\t\t<a href='https:\/\/www.pep62.fr\/pep62\/nos-structures\/camsp\/camsp-de-boulogne-sur-mer\/img_7371\/'><img loading=\"lazy\" decoding=\"async\" width=\"683\" height=\"1024\" src=\"https:\/\/www.pep62.fr\/pep62\/wp-content\/uploads\/2025\/02\/IMG_7371-683x1024.jpg\" class=\"attachment-large size-large\" alt=\"Une petite fille fait du v\u00e9lo - CAMSP de Boulogne-sur-Mer\" \/><\/a>\n\t\t\t<\/dt><\/dl><br style=\"clear: both\" \/>\n\t\t<\/div>\n\n<h5>Nos offres d&#8217;emploi sur le CAMSP<\/h5>\n<p>&nbsp;<\/p>\n","protected":false},"excerpt":{"rendered":"<p>Le Centre d&rsquo;Action M\u00e9dico-Social Pr\u00e9coce a pour but le d\u00e9pistage, la cure ambulatoire et la r\u00e9\u00e9ducation des enfants des premiers et deuxi\u00e8mes \u00e2ges qui pr\u00e9sentent des d\u00e9ficits sensoriels, moteurs ou intellectuels, en vue d&rsquo;une adaptation sociale et \u00e9ducative sur leurs lieux de vie habituels et avec la participation de celui-ci. Il exerce des actions de [&hellip;]<\/p>\n","protected":false},"author":17,"featured_media":0,"parent":8571,"menu_order":0,"comment_status":"closed","ping_status":"closed","template":"","meta":{"_et_pb_use_builder":"","_et_pb_old_content":"","_et_gb_content_width":"","footnotes":""},"class_list":["post-8582","page","type-page","status-publish","hentry"],"_links":{"self":[{"href":"https:\/\/www.pep62.fr\/pep62\/wp-json\/wp\/v2\/pages\/8582","targetHints":{"allow":["GET"]}}],"collection":[{"href":"https:\/\/www.pep62.fr\/pep62\/wp-json\/wp\/v2\/pages"}],"about":[{"href":"https:\/\/www.pep62.fr\/pep62\/wp-json\/wp\/v2\/types\/page"}],"author":[{"embeddable":true,"href":"https:\/\/www.pep62.fr\/pep62\/wp-json\/wp\/v2\/users\/17"}],"replies":[{"embeddable":true,"href":"https:\/\/www.pep62.fr\/pep62\/wp-json\/wp\/v2\/comments?post=8582"}],"version-history":[{"count":10,"href":"https:\/\/www.pep62.fr\/pep62\/wp-json\/wp\/v2\/pages\/8582\/revisions"}],"predecessor-version":[{"id":9203,"href":"https:\/\/www.pep62.fr\/pep62\/wp-json\/wp\/v2\/pages\/8582\/revisions\/9203"}],"up":[{"embeddable":true,"href":"https:\/\/www.pep62.fr\/pep62\/wp-json\/wp\/v2\/pages\/8571"}],"wp:attachment":[{"href":"https:\/\/www.pep62.fr\/pep62\/wp-json\/wp\/v2\/media?parent=8582"}],"curies":[{"name":"wp","href":"https:\/\/api.w.org\/{rel}","templated":true}]}}