{"id":8584,"date":"2025-01-07T16:58:08","date_gmt":"2025-01-07T15:58:08","guid":{"rendered":"https:\/\/www.pep62.fr\/pep62\/?page_id=8584"},"modified":"2025-05-23T10:15:04","modified_gmt":"2025-05-23T08:15:04","slug":"camsp-de-fouquieres-les-bethune","status":"publish","type":"page","link":"https:\/\/www.pep62.fr\/pep62\/nos-structures\/camsp\/camsp-de-fouquieres-les-bethune\/","title":{"rendered":"CAMSP de Fouqui\u00e8res-les-B\u00e9thune"},"content":{"rendered":"<p>Le CAMSP du B\u00e9thunois est implant\u00e9 sur la commune de Fouqui\u00e8res-les-B\u00e9thune depuis 2009.<\/p>\n<p>Il dispose d&rsquo;un agr\u00e9ment de 105 places dont 5 places sp\u00e9cifiquement d\u00e9di\u00e9es \u00e0 des enfants pr\u00e9sentant des TSA (Troubles du Spectre Autistique) dans le cadre d&rsquo;un DIPI (Dispositif d&rsquo;Intervention Pr\u00e9coce et Intensive).<\/p>\n<p>L&rsquo;\u00e9quipe du CAMSP participe \u00e0 l&rsquo;EDAP (Equipe Diagnostic Autisme de Proximit\u00e9) de la zone B\u00e9thune-Bruay.<img loading=\"lazy\" decoding=\"async\" class=\"aligncenter size-full wp-image-8940\" src=\"https:\/\/www.pep62.fr\/pep62\/wp-content\/uploads\/2025\/02\/batiment_camsp_fouquieres.jpg\" alt=\"\" width=\"448\" height=\"252\" srcset=\"https:\/\/www.pep62.fr\/pep62\/wp-content\/uploads\/2025\/02\/batiment_camsp_fouquieres.jpg 448w, https:\/\/www.pep62.fr\/pep62\/wp-content\/uploads\/2025\/02\/batiment_camsp_fouquieres-300x169.jpg 300w\" sizes=\"(max-width: 448px) 100vw, 448px\" \/><\/p>\n<p>&nbsp;<\/p>\n<p>Retrouvez nos offres d&#8217;emplois.<\/p>\n\n\t\t<style type=\"text\/css\">\n\t\t\t#gallery-1 {\n\t\t\t\tmargin: auto;\n\t\t\t}\n\t\t\t#gallery-1 .gallery-item {\n\t\t\t\tfloat: left;\n\t\t\t\tmargin-top: 10px;\n\t\t\t\ttext-align: center;\n\t\t\t\twidth: 33%;\n\t\t\t}\n\t\t\t#gallery-1 img {\n\t\t\t\tborder: 2px solid #cfcfcf;\n\t\t\t}\n\t\t\t#gallery-1 .gallery-caption {\n\t\t\t\tmargin-left: 0;\n\t\t\t}\n\t\t\t\/* see gallery_shortcode() in wp-includes\/media.php *\/\n\t\t<\/style>\n\t\t<div id='gallery-1' class='gallery galleryid-8584 gallery-columns-3 gallery-size-thumbnail'><dl class='gallery-item'>\n\t\t\t<dt class='gallery-icon portrait'>\n\t\t\t\t<a href='https:\/\/www.pep62.fr\/pep62\/kinesitherapeute-cdi-partiel-camsp-de-fouquieres-lez-bethune-oct24\/'><img loading=\"lazy\" decoding=\"async\" width=\"150\" height=\"150\" src=\"https:\/\/www.pep62.fr\/pep62\/wp-content\/uploads\/2024\/10\/Kinesitherapeute-CDI-partiel-CAMSP-de-Fouquieres-lez-Bethune-Oct24-150x150.jpg\" class=\"attachment-thumbnail size-thumbnail\" alt=\"\" \/><\/a>\n\t\t\t<\/dt><\/dl><dl class='gallery-item'>\n\t\t\t<dt class='gallery-icon portrait'>\n\t\t\t\t<a href='https:\/\/www.pep62.fr\/pep62\/as-cdi-tp-camsp-fouquieres-mars25\/'><img loading=\"lazy\" decoding=\"async\" width=\"150\" height=\"150\" src=\"https:\/\/www.pep62.fr\/pep62\/wp-content\/uploads\/2025\/03\/AS-CDI-TP-CAMSP-Fouquieres-Mars25-150x150.jpg\" class=\"attachment-thumbnail size-thumbnail\" alt=\"Offre d&#039;emploi Assistant de service social\" \/><\/a>\n\t\t\t<\/dt><\/dl><dl class='gallery-item'>\n\t\t\t<dt class='gallery-icon portrait'>\n\t\t\t\t<a href='https:\/\/www.pep62.fr\/pep62\/ortho-camsp-fouquieres-cdi-tp-avril25\/'><img loading=\"lazy\" decoding=\"async\" width=\"150\" height=\"150\" src=\"https:\/\/www.pep62.fr\/pep62\/wp-content\/uploads\/2025\/02\/Ortho-CAMSP-Fouquieres-CDI-TP-Avril25-150x150.jpg\" class=\"attachment-thumbnail size-thumbnail\" alt=\"\" \/><\/a>\n\t\t\t<\/dt><\/dl><br style=\"clear: both\" \/><dl class='gallery-item'>\n\t\t\t<dt class='gallery-icon portrait'>\n\t\t\t\t<a href='https:\/\/www.pep62.fr\/pep62\/le-camsp-de-fouquieres-les-bethune-recherche-un-orthophoniste-en-cdi-a-temps-complet-1-etp\/ortho-camsp-fouquieres-cdi-tc-avril25-2\/'><img loading=\"lazy\" decoding=\"async\" width=\"150\" height=\"150\" src=\"https:\/\/www.pep62.fr\/pep62\/wp-content\/uploads\/2025\/04\/Ortho-CAMSP-Fouquieres-CDI-TC-Avril25-150x150.jpg\" class=\"attachment-thumbnail size-thumbnail\" alt=\"\" \/><\/a>\n\t\t\t<\/dt><\/dl><dl class='gallery-item'>\n\t\t\t<dt class='gallery-icon portrait'>\n\t\t\t\t<a href='https:\/\/www.pep62.fr\/pep62\/psy-cdi-dipi-fouquieres-juin25\/'><img loading=\"lazy\" decoding=\"async\" width=\"150\" height=\"150\" src=\"https:\/\/www.pep62.fr\/pep62\/wp-content\/uploads\/2025\/05\/PSY-CDI-DIPI-Fouquieres-Juin25-150x150.png\" class=\"attachment-thumbnail size-thumbnail\" alt=\"\" \/><\/a>\n\t\t\t<\/dt><\/dl><dl class='gallery-item'>\n\t\t\t<dt class='gallery-icon portrait'>\n\t\t\t\t<a href='https:\/\/www.pep62.fr\/pep62\/educ-spe-fouquieres-1-etp-cdd-mai-2025\/'><img loading=\"lazy\" decoding=\"async\" width=\"150\" height=\"150\" src=\"https:\/\/www.pep62.fr\/pep62\/wp-content\/uploads\/2025\/05\/Educ-Spe-Fouquieres-1-ETP-cdd-mai-2025-150x150.jpg\" class=\"attachment-thumbnail size-thumbnail\" alt=\"\" \/><\/a>\n\t\t\t<\/dt><\/dl><br style=\"clear: both\" \/>\n\t\t<\/div>\n\n","protected":false},"excerpt":{"rendered":"<p>Le CAMSP du B\u00e9thunois est implant\u00e9 sur la commune de Fouqui\u00e8res-les-B\u00e9thune depuis 2009. Il dispose d&rsquo;un agr\u00e9ment de 105 places dont 5 places sp\u00e9cifiquement d\u00e9di\u00e9es \u00e0 des enfants pr\u00e9sentant des TSA (Troubles du Spectre Autistique) dans le cadre d&rsquo;un DIPI (Dispositif d&rsquo;Intervention Pr\u00e9coce et Intensive). L&rsquo;\u00e9quipe du CAMSP participe \u00e0 l&rsquo;EDAP (Equipe Diagnostic Autisme de [&hellip;]<\/p>\n","protected":false},"author":17,"featured_media":0,"parent":8571,"menu_order":0,"comment_status":"closed","ping_status":"closed","template":"","meta":{"_et_pb_use_builder":"","_et_pb_old_content":"","_et_gb_content_width":"","footnotes":""},"class_list":["post-8584","page","type-page","status-publish","hentry"],"_links":{"self":[{"href":"https:\/\/www.pep62.fr\/pep62\/wp-json\/wp\/v2\/pages\/8584","targetHints":{"allow":["GET"]}}],"collection":[{"href":"https:\/\/www.pep62.fr\/pep62\/wp-json\/wp\/v2\/pages"}],"about":[{"href":"https:\/\/www.pep62.fr\/pep62\/wp-json\/wp\/v2\/types\/page"}],"author":[{"embeddable":true,"href":"https:\/\/www.pep62.fr\/pep62\/wp-json\/wp\/v2\/users\/17"}],"replies":[{"embeddable":true,"href":"https:\/\/www.pep62.fr\/pep62\/wp-json\/wp\/v2\/comments?post=8584"}],"version-history":[{"count":7,"href":"https:\/\/www.pep62.fr\/pep62\/wp-json\/wp\/v2\/pages\/8584\/revisions"}],"predecessor-version":[{"id":9433,"href":"https:\/\/www.pep62.fr\/pep62\/wp-json\/wp\/v2\/pages\/8584\/revisions\/9433"}],"up":[{"embeddable":true,"href":"https:\/\/www.pep62.fr\/pep62\/wp-json\/wp\/v2\/pages\/8571"}],"wp:attachment":[{"href":"https:\/\/www.pep62.fr\/pep62\/wp-json\/wp\/v2\/media?parent=8584"}],"curies":[{"name":"wp","href":"https:\/\/api.w.org\/{rel}","templated":true}]}}