{"id":8586,"date":"2025-01-07T16:58:26","date_gmt":"2025-01-07T15:58:26","guid":{"rendered":"https:\/\/www.pep62.fr\/pep62\/?page_id=8586"},"modified":"2025-05-05T10:24:21","modified_gmt":"2025-05-05T08:24:21","slug":"camsp-dauchel","status":"publish","type":"page","link":"https:\/\/www.pep62.fr\/pep62\/nos-structures\/camsp\/camsp-dauchel\/","title":{"rendered":"CAMSP d&rsquo;Auchel"},"content":{"rendered":"<p>Le Centre d&rsquo;Action M\u00e9dico-Social Pr\u00e9coce a pour but le d\u00e9pistage, la cure ambulatoire et la r\u00e9\u00e9ducation des enfants des premiers et deuxi\u00e8mes \u00e2ges qui pr\u00e9sentent des d\u00e9ficits sensoriels, moteurs ou intellectuels, en vue d&rsquo;une adaptation sociale et \u00e9ducative sur leurs lieux de vie habituels et avec la participation de celui-ci. Il exerce des actions de pr\u00e9vention secondaire limitant le sur-handicap pour les enfants avec des troubles du d\u00e9veloppement.<br \/>\nL&rsquo;\u00e9tablissement respecte les missions socles :<\/p>\n<ul>\n<li>La pr\u00e9cocit\u00e9 du rep\u00e9rage, du d\u00e9pistage et de l&rsquo;accueil de l&rsquo;enfant et de ses parents<\/li>\n<li>Les soins et l&rsquo;accompagnement pr\u00e9coce, interdisciplinaires et personnalis\u00e9s de l&rsquo;enfant<\/li>\n<li>L&rsquo;accompagnement des parents et l&rsquo;\u00e9coute de la fratrie<\/li>\n<li>La co-construction du projet de sortie du CAMSP de l&rsquo;enfant<\/li>\n<li>Le soutien des professionnels et le renforcement de leurs comp\u00e9tences<\/li>\n<\/ul>\n<p>Nos offres d&#8217;emplois au CAMSP<\/p>\n\n\t\t<style type=\"text\/css\">\n\t\t\t#gallery-1 {\n\t\t\t\tmargin: auto;\n\t\t\t}\n\t\t\t#gallery-1 .gallery-item {\n\t\t\t\tfloat: left;\n\t\t\t\tmargin-top: 10px;\n\t\t\t\ttext-align: center;\n\t\t\t\twidth: 33%;\n\t\t\t}\n\t\t\t#gallery-1 img {\n\t\t\t\tborder: 2px solid #cfcfcf;\n\t\t\t}\n\t\t\t#gallery-1 .gallery-caption {\n\t\t\t\tmargin-left: 0;\n\t\t\t}\n\t\t\t\/* see gallery_shortcode() in wp-includes\/media.php *\/\n\t\t<\/style>\n\t\t<div id='gallery-1' class='gallery galleryid-8586 gallery-columns-3 gallery-size-medium'><dl class='gallery-item'>\n\t\t\t<dt class='gallery-icon portrait'>\n\t\t\t\t<a href='https:\/\/www.pep62.fr\/pep62\/ortho-camsp-auchel-cdi-tp-janv25\/'><img loading=\"lazy\" decoding=\"async\" width=\"212\" height=\"300\" src=\"https:\/\/www.pep62.fr\/pep62\/wp-content\/uploads\/2025\/01\/Ortho-CAMSP-AUCHEL-CDI-TP-Janv25-212x300.jpg\" class=\"attachment-medium size-medium\" alt=\"\" \/><\/a>\n\t\t\t<\/dt><\/dl><dl class='gallery-item'>\n\t\t\t<dt class='gallery-icon portrait'>\n\t\t\t\t<a href='https:\/\/www.pep62.fr\/pep62\/kine-camsp-auchel-cdd-tp-4-mois-avril25\/'><img loading=\"lazy\" decoding=\"async\" width=\"212\" height=\"300\" src=\"https:\/\/www.pep62.fr\/pep62\/wp-content\/uploads\/2025\/04\/kine-CAMSP-Auchel-CDD-TP-4-mois-Avril25-212x300.jpg\" class=\"attachment-medium size-medium\" alt=\"\" \/><\/a>\n\t\t\t<\/dt><\/dl><dl class='gallery-item'>\n\t\t\t<dt class='gallery-icon portrait'>\n\t\t\t\t<a href='https:\/\/www.pep62.fr\/pep62\/le-cmpp-et-le-camsp-de-st-pol-sur-ternoise-et-auchel-recherchent-un-orthophoniste-en-cdi-a-temps-complet-1-etp\/ortho-cmpp-camsp-st-pol-et-auchel-cdi-tc-avril25\/'><img loading=\"lazy\" decoding=\"async\" width=\"212\" height=\"300\" src=\"https:\/\/www.pep62.fr\/pep62\/wp-content\/uploads\/2025\/04\/Ortho-CMPP-CAMSP-St-Pol-et-Auchel-CDi-TC-Avril25-212x300.jpg\" class=\"attachment-medium size-medium\" alt=\"Offre d&#039;emploi Orthophoniste PEP62 St-Pol-sur-Ternoise Auchel\" \/><\/a>\n\t\t\t<\/dt><\/dl><br style=\"clear: both\" \/>\n\t\t<\/div>\n\n","protected":false},"excerpt":{"rendered":"<p>Le Centre d&rsquo;Action M\u00e9dico-Social Pr\u00e9coce a pour but le d\u00e9pistage, la cure ambulatoire et la r\u00e9\u00e9ducation des enfants des premiers et deuxi\u00e8mes \u00e2ges qui pr\u00e9sentent des d\u00e9ficits sensoriels, moteurs ou intellectuels, en vue d&rsquo;une adaptation sociale et \u00e9ducative sur leurs lieux de vie habituels et avec la participation de celui-ci. Il exerce des actions de [&hellip;]<\/p>\n","protected":false},"author":17,"featured_media":0,"parent":8571,"menu_order":0,"comment_status":"closed","ping_status":"closed","template":"","meta":{"_et_pb_use_builder":"","_et_pb_old_content":"","_et_gb_content_width":"","footnotes":""},"class_list":["post-8586","page","type-page","status-publish","hentry"],"_links":{"self":[{"href":"https:\/\/www.pep62.fr\/pep62\/wp-json\/wp\/v2\/pages\/8586","targetHints":{"allow":["GET"]}}],"collection":[{"href":"https:\/\/www.pep62.fr\/pep62\/wp-json\/wp\/v2\/pages"}],"about":[{"href":"https:\/\/www.pep62.fr\/pep62\/wp-json\/wp\/v2\/types\/page"}],"author":[{"embeddable":true,"href":"https:\/\/www.pep62.fr\/pep62\/wp-json\/wp\/v2\/users\/17"}],"replies":[{"embeddable":true,"href":"https:\/\/www.pep62.fr\/pep62\/wp-json\/wp\/v2\/comments?post=8586"}],"version-history":[{"count":5,"href":"https:\/\/www.pep62.fr\/pep62\/wp-json\/wp\/v2\/pages\/8586\/revisions"}],"predecessor-version":[{"id":9380,"href":"https:\/\/www.pep62.fr\/pep62\/wp-json\/wp\/v2\/pages\/8586\/revisions\/9380"}],"up":[{"embeddable":true,"href":"https:\/\/www.pep62.fr\/pep62\/wp-json\/wp\/v2\/pages\/8571"}],"wp:attachment":[{"href":"https:\/\/www.pep62.fr\/pep62\/wp-json\/wp\/v2\/media?parent=8586"}],"curies":[{"name":"wp","href":"https:\/\/api.w.org\/{rel}","templated":true}]}}