{"id":8604,"date":"2025-01-08T11:58:43","date_gmt":"2025-01-08T10:58:43","guid":{"rendered":"https:\/\/www.pep62.fr\/pep62\/?page_id=8604"},"modified":"2025-05-05T10:42:25","modified_gmt":"2025-05-05T08:42:25","slug":"mecs","status":"publish","type":"page","link":"https:\/\/www.pep62.fr\/pep62\/nos-structures\/mecs\/","title":{"rendered":"MECS"},"content":{"rendered":"<p>Notre Maison d&rsquo;Enfants \u00e0 Caract\u00e8re Social \u00ab\u00a0Les Peupliers\u00a0\u00bb de Campagne-les-Hesdin est sp\u00e9cialis\u00e9e dans l&rsquo;accueil temporaire de mineurs, entre 3 et 18 ans. Elle est autoris\u00e9e\u00a0 accueillir 80 enfants en accueil classique, 5 enfants en accueil d&rsquo;urgence (DAU) et \u00e0 accompagner 61 enfants dans les Dispositifs de Maintien et d&rsquo;Accompagnement \u00e0 Domicile (DMAD) ou les Dispositifs d&rsquo;Accompagnement de Retour en Famille (DARF).<br \/>\nElle assure 10% de l&rsquo;accompagnement en \u00e9tablissement du D\u00e9partement du Pas-de-Calais et est localis\u00e9e sur le territoire Montreuillois-Ternois.<\/p>\n<p>Les probl\u00e9matiques des enfants accueillis sont souvent lourdes et complexes. Il s&rsquo;agit, le plus souvent, d&rsquo;enfants suivis par des \u00e9tablissements du m\u00e9dico-social et scolaris\u00e9s en IME (Institut M\u00e9dico-Educatif), ITEP (Institut Th\u00e9rapeutique Educatif et P\u00e9dagogique), ULISS (Unit\u00e9 Localis\u00e9e pour l&rsquo;Inclusion Scolaire) ou EREA (Etablissement R\u00e9gional d&rsquo;Enseignement Adapt\u00e9).<\/p>\n<p>&nbsp;<\/p>\n<h5>Nos offres d&#8217;emplois sur la Maison d&rsquo;Enfants :<\/h5>\n\n\t\t<style type=\"text\/css\">\n\t\t\t#gallery-1 {\n\t\t\t\tmargin: auto;\n\t\t\t}\n\t\t\t#gallery-1 .gallery-item {\n\t\t\t\tfloat: left;\n\t\t\t\tmargin-top: 10px;\n\t\t\t\ttext-align: center;\n\t\t\t\twidth: 33%;\n\t\t\t}\n\t\t\t#gallery-1 img {\n\t\t\t\tborder: 2px solid #cfcfcf;\n\t\t\t}\n\t\t\t#gallery-1 .gallery-caption {\n\t\t\t\tmargin-left: 0;\n\t\t\t}\n\t\t\t\/* see gallery_shortcode() in wp-includes\/media.php *\/\n\t\t<\/style>\n\t\t<div id='gallery-1' class='gallery galleryid-8604 gallery-columns-3 gallery-size-medium'><dl class='gallery-item'>\n\t\t\t<dt class='gallery-icon portrait'>\n\t\t\t\t<a href='https:\/\/www.pep62.fr\/pep62\/?attachment_id=9149'><img loading=\"lazy\" decoding=\"async\" width=\"212\" height=\"300\" src=\"https:\/\/www.pep62.fr\/pep62\/wp-content\/uploads\/2025\/03\/Animateur-CDI-MECS-Les-peupliers-Sept24-Modif-Mars25-212x300.jpg\" class=\"attachment-medium size-medium\" alt=\"Offre d&#039;emploi MECS Animateurs Loisirs \/ Culture\" \/><\/a>\n\t\t\t<\/dt><\/dl><dl class='gallery-item'>\n\t\t\t<dt class='gallery-icon portrait'>\n\t\t\t\t<a href='https:\/\/www.pep62.fr\/pep62\/ouvrier-enttretien-mecs-cdi-0-5-etp-mars25\/'><img loading=\"lazy\" decoding=\"async\" width=\"212\" height=\"300\" src=\"https:\/\/www.pep62.fr\/pep62\/wp-content\/uploads\/2025\/03\/Ouvrier-enttretien-MECS-CDI-0.5-ETP-mars25-212x300.jpg\" class=\"attachment-medium size-medium\" alt=\"Offre d&#039;emploi Ouvrier d&#039;entretien\" \/><\/a>\n\t\t\t<\/dt><\/dl><dl class='gallery-item'>\n\t\t\t<dt class='gallery-icon portrait'>\n\t\t\t\t<a href='https:\/\/www.pep62.fr\/pep62\/psy-cdi-a-tps-complet-mecs-nov24\/'><img loading=\"lazy\" decoding=\"async\" width=\"212\" height=\"300\" src=\"https:\/\/www.pep62.fr\/pep62\/wp-content\/uploads\/2024\/11\/Psy-CDI-a-tps-complet-MECS-Nov24-212x300.jpg\" class=\"attachment-medium size-medium\" alt=\"\" \/><\/a>\n\t\t\t<\/dt><\/dl><br style=\"clear: both\" \/>\n\t\t<\/div>\n\n","protected":false},"excerpt":{"rendered":"<p>Notre Maison d&rsquo;Enfants \u00e0 Caract\u00e8re Social \u00ab\u00a0Les Peupliers\u00a0\u00bb de Campagne-les-Hesdin est sp\u00e9cialis\u00e9e dans l&rsquo;accueil temporaire de mineurs, entre 3 et 18 ans. Elle est autoris\u00e9e\u00a0 accueillir 80 enfants en accueil classique, 5 enfants en accueil d&rsquo;urgence (DAU) et \u00e0 accompagner 61 enfants dans les Dispositifs de Maintien et d&rsquo;Accompagnement \u00e0 Domicile (DMAD) ou les Dispositifs [&hellip;]<\/p>\n","protected":false},"author":17,"featured_media":0,"parent":8541,"menu_order":0,"comment_status":"closed","ping_status":"closed","template":"","meta":{"_et_pb_use_builder":"","_et_pb_old_content":"","_et_gb_content_width":"","footnotes":""},"class_list":["post-8604","page","type-page","status-publish","hentry"],"_links":{"self":[{"href":"https:\/\/www.pep62.fr\/pep62\/wp-json\/wp\/v2\/pages\/8604","targetHints":{"allow":["GET"]}}],"collection":[{"href":"https:\/\/www.pep62.fr\/pep62\/wp-json\/wp\/v2\/pages"}],"about":[{"href":"https:\/\/www.pep62.fr\/pep62\/wp-json\/wp\/v2\/types\/page"}],"author":[{"embeddable":true,"href":"https:\/\/www.pep62.fr\/pep62\/wp-json\/wp\/v2\/users\/17"}],"replies":[{"embeddable":true,"href":"https:\/\/www.pep62.fr\/pep62\/wp-json\/wp\/v2\/comments?post=8604"}],"version-history":[{"count":10,"href":"https:\/\/www.pep62.fr\/pep62\/wp-json\/wp\/v2\/pages\/8604\/revisions"}],"predecessor-version":[{"id":9393,"href":"https:\/\/www.pep62.fr\/pep62\/wp-json\/wp\/v2\/pages\/8604\/revisions\/9393"}],"up":[{"embeddable":true,"href":"https:\/\/www.pep62.fr\/pep62\/wp-json\/wp\/v2\/pages\/8541"}],"wp:attachment":[{"href":"https:\/\/www.pep62.fr\/pep62\/wp-json\/wp\/v2\/media?parent=8604"}],"curies":[{"name":"wp","href":"https:\/\/api.w.org\/{rel}","templated":true}]}}